{"id":481,"date":"2015-05-20T07:19:43","date_gmt":"2015-05-20T07:19:43","guid":{"rendered":"http:\/\/progresomicrofinanzas.org\/?page_id=481"},"modified":"2024-02-01T11:14:25","modified_gmt":"2024-02-01T10:14:25","slug":"politica-de-cookies","status":"publish","type":"page","link":"https:\/\/www.fundacionmicrofinanzasbbva.org\/revistaprogreso\/politica-de-cookies\/","title":{"rendered":"Pol\u00edtica de Cookies"},"content":{"rendered":"<div class=\"pdfprnt-buttons pdfprnt-buttons-page pdfprnt-top-right\"><a href=\"https:\/\/www.fundacionmicrofinanzasbbva.org\/revistaprogreso\/wp-json\/wp\/v2\/pages\/481?print=pdf\" class=\"pdfprnt-button pdfprnt-button-pdf\" target=\"_blank\"><img decoding=\"async\" src=\"https:\/\/www.fundacionmicrofinanzasbbva.org\/revistaprogreso\/wp-content\/plugins\/pdf-print\/images\/pdf.png\" alt=\"image_pdf\" title=\"Ver PDF\" \/><\/a><a href=\"https:\/\/www.fundacionmicrofinanzasbbva.org\/revistaprogreso\/wp-json\/wp\/v2\/pages\/481?print=print\" class=\"pdfprnt-button pdfprnt-button-print\" target=\"_blank\"><img decoding=\"async\" src=\"https:\/\/www.fundacionmicrofinanzasbbva.org\/revistaprogreso\/wp-content\/plugins\/pdf-print\/images\/print.png\" alt=\"image_print\" title=\"Imprimir contenido\" \/><\/a><\/div><h3>Puedes consultar y configurar las cookies accediendo aqu\u00ed al panel de configuraci\u00f3n<\/h3>\n<h3><button id=\"ot-sdk-btn\" class=\"ot-sdk-show-settings\">Ajustes de cookies<\/button><\/h3>\n<h3><strong>\u00bfQu\u00e9<\/strong> <strong>son<\/strong> <strong>las<\/strong> <strong>cookies?<\/strong><\/h3>\n<p>Cualquier tipo de dispositivo de almacenamiento y recuperaci\u00f3n de datos que se utiliza en el equipo terminal (por ejemplo, un ordenador, un tel\u00e9fono m\u00f3vil o una tablet) de un usuario con la \ufb01nalidad de almacenar informaci\u00f3n y recuperar informaci\u00f3n ya almacenada.<\/p>\n<p>El t\u00e9rmino aqu\u00ed referido como cookies debe entenderse en el sentido amplio, incluidas otras tecnolog\u00edas similares tales como <em>local shared objects<\/em> o <em>\ufb02ash cookies<\/em><a href=\"#_ftn1\" name=\"_ftnref1\">[1]<\/a>, <em>web beacons<\/em> o <em>bugs<\/em><a href=\"#_ftn2\" name=\"_ftnref2\">[2]<\/a>, etc. as\u00ed como al empleo de t\u00e9cnicas de <em>\ufb01ngerprinting<\/em>, es decir a las t\u00e9cnicas de toma de la huella digital del dispositivo.<\/p>\n<h3><strong>\u00bfPara qu\u00e9 se utilizan las cookies?<\/strong><\/h3>\n<p>Utilizamos cookies propias y de terceros para \ufb01nalidades muy diversas, como, por ejemplo, reconocerte como cliente, obtener informaci\u00f3n sobre tus productos contratados o intereses, hacer mediciones y estad\u00edsticas de uso, personalizar el contenido a mostrarte o mejorar la oferta de productos o servicios que te ofrecemos.<\/p>\n<p>Las \ufb01nalidades concretas de cada una de las cookies podr\u00e1s verlas en el listado de cookies al acceder al Panel de Con\ufb01guraci\u00f3n.<\/p>\n<p><a href=\"#_ftnref1\" name=\"_ftn1\">[1]<\/a> <strong>Local shared objects o flash cookie<\/strong>s: Son un tipo de cookies que pueden almacenar mucha m\u00e1s informaci\u00f3n que las cookies tradicionales. Al ser independientes del navegador utilizado son m\u00e1s dif\u00edciles de localizar, visualizar o borrar.<\/p>\n<p><a href=\"#_ftnref2\" name=\"_ftn2\">[2]<\/a> <strong>Web beacons o bugs: <\/strong>Son im\u00e1genes, inapreciables a la vista que permiten a los sitios registrar la visita del usuario<\/p>\n<h3><strong>\u00bfQu\u00e9 tipos de cookies utiliza esta p\u00e1gina web?<\/strong><\/h3>\n<h4><strong>En funci\u00f3n de la entidad que las gestione:<\/strong><\/h4>\n<ul>\n<li>Cookies propias: Son aquellas que se env\u00edan al equipo terminal del usuario desde un equipo o dominio gestionado por el propio editor y desde el que se presta el servicio solicitado por el usuario.<\/li>\n<li>Cookies de tercero: Son aquellas que se env\u00edan al equipo terminal del usuario desde un equipo o dominio que no es gestionado por el editor, sino por otra entidad que trata los datos obtenidos a trav\u00e9s de las cookies. En el caso de que las cookies sean servidas desde un equipo o dominio gestionado por el propio editor, pero la informaci\u00f3n que se recoja mediante \u00e9stas sea gestionada por un tercero, no pueden ser consideradas como cookies propias, si el tercero las utiliza para sus propias \ufb01nalidades como la mejora de los servicios que presta o para la prestaci\u00f3n de servicios, por ejemplo, de car\u00e1cter publicitario, a favor de otras entidades.<\/li>\n<\/ul>\n<h4><strong>En funci\u00f3n de la finalidad perseguida:<\/strong><\/h4>\n<ul>\n<li>Cookies t\u00e9cnicas: Son aquellas que permiten al usuario la navegaci\u00f3n a trav\u00e9s de una p\u00e1gina web, plataforma o aplicaci\u00f3n y la utilizaci\u00f3n de las diferentes opciones o servicios que en ella existan, incluyendo aquellas que el editor utiliza para permitir la gesti\u00f3n y operativa de la p\u00e1gina web y habilitar sus funciones y servicios, como, por ejemplo, controlar el tr\u00e1\ufb01co y la comunicaci\u00f3n de datos, identi\ufb01car la sesi\u00f3n, acceder a partes de acceso restringido, recordar los elementos que integran un pedido, realizar el proceso de compra de un pedido, gestionar el pago, controlar el fraude vinculado a la seguridad del servicio, realizar la solicitud de inscripci\u00f3n o participaci\u00f3n en un evento, contar visitas a efectos de la facturaci\u00f3n de licencias del software con el que funciona el servicio (sitio web, plataforma o aplicaci\u00f3n), utilizar elementos de seguridad durante la navegaci\u00f3n, almacenar contenidos para la difusi\u00f3n de v\u00eddeos o sonido, habilitar contenidos din\u00e1micos (por ejemplo, animaci\u00f3n de carga de un texto o imagen) o compartir contenidos a trav\u00e9s de redes sociales.<\/li>\n<li>Cookies de preferencias o personalizaci\u00f3n: Son aquellas que permiten recordar informaci\u00f3n para que el usuario acceda al servicio con determinadas caracter\u00edsticas que pueden diferenciar su experiencia de la de otros usuarios, como, por ejemplo, ser\u00edan el idioma, los productos que le pueden ser de inter\u00e9s, el contenido del servicio en funci\u00f3n del tipo de navegador a trav\u00e9s del cual accede al servicio o de la regi\u00f3n desde donde accede al servicio, etc.<\/li>\n<li>Cookies de an\u00e1lisis o medici\u00f3n: Son aquellas que permiten al responsable de las mismas, el seguimiento y an\u00e1lisis del comportamiento de los usuarios de los sitios web a los que est\u00e1n vinculadas, incluida la cuanti\ufb01caci\u00f3n de los impactos de los anuncios. La informaci\u00f3n recogida mediante este tipo de cookies se utiliza en la medici\u00f3n de la actividad de los sitios web, aplicaci\u00f3n o plataforma, con el \ufb01n de introducir mejoras en funci\u00f3n del an\u00e1lisis de los datos de uso que hacen los usuarios del servicio.<\/li>\n<li>Cookies de publicidad comportamental: Son aquellas que almacenan informaci\u00f3n del comportamiento de los usuarios obtenida a trav\u00e9s de la observaci\u00f3n continuada de sus h\u00e1bitos de navegaci\u00f3n, lo que permite desarrollar un per\ufb01l espec\u00ed\ufb01co para mostrar publicidad en funci\u00f3n del mismo.<\/li>\n<\/ul>\n<h3><!-- Fin de la lista de cookies de OneTrust --><\/h3>\n<p><!-- Inicio de la lista de cookies de OneTrust --><\/p>\n<h4><strong>En funci\u00f3n de su duraci\u00f3n las cookies pueden ser:<\/strong><\/h4>\n<ul>\n<li><strong>De sesi\u00f3n<\/strong>: Son un tipo de cookies dise\u00f1adas para recabar y almacenar datos mientras el usuario accede a una p\u00e1gina web. Se suelen emplear para almacenar informaci\u00f3n que solo interesa conservar para la prestaci\u00f3n del servicio solicitado por el usuario en una sola ocasi\u00f3n (por ejemplo, una lista de productos adquiridos) y desaparecen al terminar la sesi\u00f3n.<\/li>\n<li><strong>Persistentes<\/strong>: Son un tipo de cookies en el que los datos siguen almacenados en el terminal y pueden ser accedidos y tratados durante un periodo de\ufb01nido por el responsable de la cookie, y que puede ir de unos minutos a varios a\u00f1os.<\/li>\n<\/ul>\n<h3><strong>\u00bfCu\u00e1nto tiempo se conservan las cookies?<\/strong><\/h3>\n<p>Las cookies ser\u00e1n utilizadas \u00fanica y exclusivamente durante el tiempo necesario para cumplir con las \ufb01nalidades para las cuales se ha indicado en cada cookie. En relaci\u00f3n a las cookies de terceros, los plazos de conservaci\u00f3n podr\u00e1n ser consultados en las Pol\u00edticas de privacidad de dichos terceros, seg\u00fan lo recogido en el panel de con\ufb01guraci\u00f3n.<\/p>\n<h3><strong>\u00bfC\u00f3mo volver a gestionar el consentimiento?<\/strong><\/h3>\n<p>Te informamos de que solo utilizaremos cookies en tu equipo a condici\u00f3n de que hayas dado tu consentimiento a trav\u00e9s del banner de acceso y la con\ufb01guraci\u00f3n habilitada a trav\u00e9s del Panel de Con\ufb01guraci\u00f3n.<\/p>\n<p>Lo anterior, salvo en los supuestos en los que las cookies sean necesarias para la navegaci\u00f3n en el equipo terminal y\/o para prestar el servicio solicitado por el usuario (cookies t\u00e9cnicas). Las cookies t\u00e9cnicas est\u00e1n exceptuadas del cumplimiento de las obligaciones establecidas en el art\u00edculo 22 de la LSSI del deber de informaci\u00f3n y obtenci\u00f3n del consentimiento (Ver de\ufb01nici\u00f3n de cookies t\u00e9cnicas).<\/p>\n<p>El usuario podr\u00e1 modi\ufb01car o revocar su consentimiento en cualquier momento con\ufb01gurando las opciones en el Panel de Con\ufb01guraci\u00f3n. El usuario tiene acceso al Panel de Con\ufb01guraci\u00f3n de forma permanente a trav\u00e9s del enlace al inicio de la presente Pol\u00edtica de Cookies.<\/p>\n<p>No obstante, a pesar de que conservaremos la selecci\u00f3n realizada por el usuario con un m\u00e1ximo de 24 meses, peri\u00f3dicamente, solicitaremos la actualizaci\u00f3n de tu consentimiento. Asimismo, si posteriormente a haber obtenido tu consentimiento hay un cambio en las cookies, en los \ufb01nes de uso de las mismas o en los terceros, solicitaremos de nuevo tu consentimiento.<\/p>\n<p>Para aquellas cookies de terceros, ten en cuenta que los procedimientos de revocaci\u00f3n est\u00e1n gestionados y controlados exclusivamente por cada proveedor. Para eliminarlas, podr\u00e1s hacerlo desde las opciones del navegador o desde el sistema ofrecido por el propio tercero. Consulta los enlaces que te proporcionamos para ello en el Panel de Con\ufb01guraci\u00f3n.<\/p>\n<p>En cualquier caso, el usuario podr\u00e1, en cualquier momento, permitir, bloquear o eliminar las cookies as\u00ed como borrar sus datos de navegaci\u00f3n (incluidas las cookies) desde el navegador instalado en su terminal. Consulta las opciones e instrucciones que ofrece tu navegador para ello:<\/p>\n<ul>\n<li><a href=\"https:\/\/support.google.com\/chrome\/answer\/95647\">Chrome<\/a><\/li>\n<li><a href=\"https:\/\/support.microsoft.com\/es-es\/help\/17442\/windows-internet-explorer-delete-manage-cookies\">Explorer<\/a><\/li>\n<li><a href=\"https:\/\/support.mozilla.org\/es\/kb\/habilitar-y-deshabilitar-cookies-sitios-web-rastrear-preferencias\">Firefox<\/a><\/li>\n<li><a href=\"https:\/\/support.apple.com\/es-es\/guide\/safari\/sfri11471\/mac\">Safari<\/a><\/li>\n<\/ul>\n<p>La desactivaci\u00f3n de todas las cookies no impide la navegaci\u00f3n por el servicio.<\/p>\n<h3><strong>\u00bfQuieres informaci\u00f3n adicional acerca del tratamiento de tus datos?<\/strong><\/h3>\n<p>Algunas cookies pueden conllevar el tratamiento de datos personales, esto es, cuando el usuario est\u00e9 identi\ufb01cado por un nombre o direcci\u00f3n de email que lo identi\ufb01que (por ejemplo, por tratarse de un usuario registrado), a trav\u00e9s de la direcci\u00f3n IP o cuando se utilicen identi\ufb01cadores \u00fanicos que permiten distinguir unos usuarios de otros y realizar un seguimiento individualizado de los mismos (por ejemplo, ID de publicidad).<\/p>\n<p>Para conocer los detalles acerca del tratamiento de los datos personales, como posibles transferencias internacionales, consulta nuestra Pol\u00edtica de Protecci\u00f3n de Datos Personales<a href=\"https:\/\/www.fundacionmicrofinanzasbbva.org\/datos-personales\/\"> aqu\u00ed.<\/a><\/p>\n<h3><strong>Cambios en la Pol\u00edtica de Cookies<\/strong><\/h3>\n<p>La presente Pol\u00edtica de Cookies se podr\u00e1 modi\ufb01car cuando as\u00ed lo exija la legislaci\u00f3n vigente en cada momento o cuando hubiera alguna variaci\u00f3n en el tipo de cookies utilizadas.<\/p>\n<p>\u00daltima actualizaci\u00f3n: enero de 2024<\/p>\n","protected":false},"excerpt":{"rendered":"<p>Puedes consultar y configurar las cookies accediendo aqu\u00ed al panel de configuraci\u00f3n Ajustes de cookies \u00bfQu\u00e9 son las cookies? Cualquier tipo de dispositivo de almacenamiento y recuperaci\u00f3n de datos que se utiliza en el equipo terminal (por ejemplo, un ordenador, un tel\u00e9fono m\u00f3vil o una tablet) de un usuario con la \ufb01nalidad de almacenar informaci\u00f3n [&hellip;]<\/p>\n","protected":false},"author":30,"featured_media":0,"parent":0,"menu_order":14,"comment_status":"closed","ping_status":"closed","template":"","meta":{"_acf_changed":false,"footnotes":""},"class_list":["post-481","page","type-page","status-publish","hentry"],"acf":[],"yoast_head":"<!-- This site is optimized with the Yoast SEO plugin v26.8 - https:\/\/yoast.com\/product\/yoast-seo-wordpress\/ -->\n<title>Pol\u00edtica de Cookies -<\/title>\n<meta name=\"robots\" content=\"index, follow, max-snippet:-1, max-image-preview:large, max-video-preview:-1\" \/>\n<link rel=\"canonical\" href=\"https:\/\/www.fundacionmicrofinanzasbbva.org\/revistaprogreso\/politica-de-cookies\/\" \/>\n<meta property=\"og:locale\" content=\"es_ES\" \/>\n<meta property=\"og:type\" content=\"article\" \/>\n<meta property=\"og:title\" content=\"Pol\u00edtica de Cookies -\" \/>\n<meta property=\"og:description\" content=\"Puedes consultar y configurar las cookies accediendo aqu\u00ed al panel de configuraci\u00f3n Ajustes de cookies \u00bfQu\u00e9 son las cookies? Cualquier tipo de dispositivo de almacenamiento y recuperaci\u00f3n de datos que se utiliza en el equipo terminal (por ejemplo, un ordenador, un tel\u00e9fono m\u00f3vil o una tablet) de un usuario con la \ufb01nalidad de almacenar informaci\u00f3n [&hellip;]\" \/>\n<meta property=\"og:url\" content=\"https:\/\/www.fundacionmicrofinanzasbbva.org\/revistaprogreso\/politica-de-cookies\/\" \/>\n<meta property=\"og:site_name\" content=\"Progreso\" \/>\n<meta property=\"article:publisher\" content=\"https:\/\/www.facebook.com\/fundacionmicrofinanzasbbva\" \/>\n<meta property=\"article:modified_time\" content=\"2024-02-01T10:14:25+00:00\" \/>\n<meta property=\"og:image\" content=\"https:\/\/www.fundacionmicrofinanzasbbva.org\/revistaprogreso\/wp-content\/uploads\/2024\/02\/Logo-FMBBVA-AZUL-1.png\" \/>\n\t<meta property=\"og:image:width\" content=\"1200\" \/>\n\t<meta property=\"og:image:height\" content=\"675\" \/>\n\t<meta property=\"og:image:type\" content=\"image\/png\" \/>\n<meta name=\"twitter:card\" content=\"summary_large_image\" \/>\n<meta name=\"twitter:site\" content=\"@FMBBVA\" \/>\n<meta name=\"twitter:label1\" content=\"Tiempo de lectura\" \/>\n\t<meta name=\"twitter:data1\" content=\"7 minutos\" \/>\n<script type=\"application\/ld+json\" class=\"yoast-schema-graph\">{\"@context\":\"https:\/\/schema.org\",\"@graph\":[{\"@type\":\"WebPage\",\"@id\":\"https:\/\/www.fundacionmicrofinanzasbbva.org\/revistaprogreso\/politica-de-cookies\/\",\"url\":\"https:\/\/www.fundacionmicrofinanzasbbva.org\/revistaprogreso\/politica-de-cookies\/\",\"name\":\"Pol\u00edtica de Cookies -\",\"isPartOf\":{\"@id\":\"https:\/\/www.progresomicrofinanzas.org\/revistaprogreso\/en\/#website\"},\"datePublished\":\"2015-05-20T07:19:43+00:00\",\"dateModified\":\"2024-02-01T10:14:25+00:00\",\"breadcrumb\":{\"@id\":\"https:\/\/www.fundacionmicrofinanzasbbva.org\/revistaprogreso\/politica-de-cookies\/#breadcrumb\"},\"inLanguage\":\"es\",\"potentialAction\":[{\"@type\":\"ReadAction\",\"target\":[\"https:\/\/www.fundacionmicrofinanzasbbva.org\/revistaprogreso\/politica-de-cookies\/\"]}]},{\"@type\":\"BreadcrumbList\",\"@id\":\"https:\/\/www.fundacionmicrofinanzasbbva.org\/revistaprogreso\/politica-de-cookies\/#breadcrumb\",\"itemListElement\":[{\"@type\":\"ListItem\",\"position\":1,\"name\":\"Portada\",\"item\":\"https:\/\/www.progresomicrofinanzas.org\/revistaprogreso\/en\/\"},{\"@type\":\"ListItem\",\"position\":2,\"name\":\"Pol\u00edtica de Cookies\"}]},{\"@type\":\"WebSite\",\"@id\":\"https:\/\/www.progresomicrofinanzas.org\/revistaprogreso\/en\/#website\",\"url\":\"https:\/\/www.progresomicrofinanzas.org\/revistaprogreso\/en\/\",\"name\":\"Revista Progreso\",\"description\":\"Revista de Actualidad Jur\u00eddica\",\"publisher\":{\"@id\":\"https:\/\/www.progresomicrofinanzas.org\/revistaprogreso\/en\/#organization\"},\"alternateName\":\"Revista Progreso\",\"potentialAction\":[{\"@type\":\"SearchAction\",\"target\":{\"@type\":\"EntryPoint\",\"urlTemplate\":\"https:\/\/www.progresomicrofinanzas.org\/revistaprogreso\/en\/?s={search_term_string}\"},\"query-input\":{\"@type\":\"PropertyValueSpecification\",\"valueRequired\":true,\"valueName\":\"search_term_string\"}}],\"inLanguage\":\"es\"},{\"@type\":\"Organization\",\"@id\":\"https:\/\/www.progresomicrofinanzas.org\/revistaprogreso\/en\/#organization\",\"name\":\"Revista Progreso\",\"alternateName\":\"Revista Progreso\",\"url\":\"https:\/\/www.progresomicrofinanzas.org\/revistaprogreso\/en\/\",\"logo\":{\"@type\":\"ImageObject\",\"inLanguage\":\"es\",\"@id\":\"https:\/\/www.progresomicrofinanzas.org\/revistaprogreso\/en\/#\/schema\/logo\/image\/\",\"url\":\"https:\/\/www.fundacionmicrofinanzasbbva.org\/revistaprogreso\/wp-content\/uploads\/2023\/09\/Logo-FMBBVA-AZUL.png\",\"contentUrl\":\"https:\/\/www.fundacionmicrofinanzasbbva.org\/revistaprogreso\/wp-content\/uploads\/2023\/09\/Logo-FMBBVA-AZUL.png\",\"width\":6173,\"height\":1001,\"caption\":\"Revista Progreso\"},\"image\":{\"@id\":\"https:\/\/www.progresomicrofinanzas.org\/revistaprogreso\/en\/#\/schema\/logo\/image\/\"},\"sameAs\":[\"https:\/\/www.facebook.com\/fundacionmicrofinanzasbbva\",\"https:\/\/x.com\/FMBBVA\",\"https:\/\/www.linkedin.com\/company\/fundacin-microfinanzas-bbva\/\",\"https:\/\/www.instagram.com\/somosfmbbva\/\"]}]}<\/script>\n<!-- \/ Yoast SEO plugin. -->","yoast_head_json":{"title":"Pol\u00edtica de Cookies -","robots":{"index":"index","follow":"follow","max-snippet":"max-snippet:-1","max-image-preview":"max-image-preview:large","max-video-preview":"max-video-preview:-1"},"canonical":"https:\/\/www.fundacionmicrofinanzasbbva.org\/revistaprogreso\/politica-de-cookies\/","og_locale":"es_ES","og_type":"article","og_title":"Pol\u00edtica de Cookies -","og_description":"Puedes consultar y configurar las cookies accediendo aqu\u00ed al panel de configuraci\u00f3n Ajustes de cookies \u00bfQu\u00e9 son las cookies? Cualquier tipo de dispositivo de almacenamiento y recuperaci\u00f3n de datos que se utiliza en el equipo terminal (por ejemplo, un ordenador, un tel\u00e9fono m\u00f3vil o una tablet) de un usuario con la \ufb01nalidad de almacenar informaci\u00f3n [&hellip;]","og_url":"https:\/\/www.fundacionmicrofinanzasbbva.org\/revistaprogreso\/politica-de-cookies\/","og_site_name":"Progreso","article_publisher":"https:\/\/www.facebook.com\/fundacionmicrofinanzasbbva","article_modified_time":"2024-02-01T10:14:25+00:00","og_image":[{"width":1200,"height":675,"url":"https:\/\/www.fundacionmicrofinanzasbbva.org\/revistaprogreso\/wp-content\/uploads\/2024\/02\/Logo-FMBBVA-AZUL-1.png","type":"image\/png"}],"twitter_card":"summary_large_image","twitter_site":"@FMBBVA","twitter_misc":{"Tiempo de lectura":"7 minutos"},"schema":{"@context":"https:\/\/schema.org","@graph":[{"@type":"WebPage","@id":"https:\/\/www.fundacionmicrofinanzasbbva.org\/revistaprogreso\/politica-de-cookies\/","url":"https:\/\/www.fundacionmicrofinanzasbbva.org\/revistaprogreso\/politica-de-cookies\/","name":"Pol\u00edtica de Cookies -","isPartOf":{"@id":"https:\/\/www.progresomicrofinanzas.org\/revistaprogreso\/en\/#website"},"datePublished":"2015-05-20T07:19:43+00:00","dateModified":"2024-02-01T10:14:25+00:00","breadcrumb":{"@id":"https:\/\/www.fundacionmicrofinanzasbbva.org\/revistaprogreso\/politica-de-cookies\/#breadcrumb"},"inLanguage":"es","potentialAction":[{"@type":"ReadAction","target":["https:\/\/www.fundacionmicrofinanzasbbva.org\/revistaprogreso\/politica-de-cookies\/"]}]},{"@type":"BreadcrumbList","@id":"https:\/\/www.fundacionmicrofinanzasbbva.org\/revistaprogreso\/politica-de-cookies\/#breadcrumb","itemListElement":[{"@type":"ListItem","position":1,"name":"Portada","item":"https:\/\/www.progresomicrofinanzas.org\/revistaprogreso\/en\/"},{"@type":"ListItem","position":2,"name":"Pol\u00edtica de Cookies"}]},{"@type":"WebSite","@id":"https:\/\/www.progresomicrofinanzas.org\/revistaprogreso\/en\/#website","url":"https:\/\/www.progresomicrofinanzas.org\/revistaprogreso\/en\/","name":"Revista Progreso","description":"Revista de Actualidad Jur\u00eddica","publisher":{"@id":"https:\/\/www.progresomicrofinanzas.org\/revistaprogreso\/en\/#organization"},"alternateName":"Revista Progreso","potentialAction":[{"@type":"SearchAction","target":{"@type":"EntryPoint","urlTemplate":"https:\/\/www.progresomicrofinanzas.org\/revistaprogreso\/en\/?s={search_term_string}"},"query-input":{"@type":"PropertyValueSpecification","valueRequired":true,"valueName":"search_term_string"}}],"inLanguage":"es"},{"@type":"Organization","@id":"https:\/\/www.progresomicrofinanzas.org\/revistaprogreso\/en\/#organization","name":"Revista Progreso","alternateName":"Revista Progreso","url":"https:\/\/www.progresomicrofinanzas.org\/revistaprogreso\/en\/","logo":{"@type":"ImageObject","inLanguage":"es","@id":"https:\/\/www.progresomicrofinanzas.org\/revistaprogreso\/en\/#\/schema\/logo\/image\/","url":"https:\/\/www.fundacionmicrofinanzasbbva.org\/revistaprogreso\/wp-content\/uploads\/2023\/09\/Logo-FMBBVA-AZUL.png","contentUrl":"https:\/\/www.fundacionmicrofinanzasbbva.org\/revistaprogreso\/wp-content\/uploads\/2023\/09\/Logo-FMBBVA-AZUL.png","width":6173,"height":1001,"caption":"Revista Progreso"},"image":{"@id":"https:\/\/www.progresomicrofinanzas.org\/revistaprogreso\/en\/#\/schema\/logo\/image\/"},"sameAs":["https:\/\/www.facebook.com\/fundacionmicrofinanzasbbva","https:\/\/x.com\/FMBBVA","https:\/\/www.linkedin.com\/company\/fundacin-microfinanzas-bbva\/","https:\/\/www.instagram.com\/somosfmbbva\/"]}]}},"_links":{"self":[{"href":"https:\/\/www.fundacionmicrofinanzasbbva.org\/revistaprogreso\/wp-json\/wp\/v2\/pages\/481","targetHints":{"allow":["GET"]}}],"collection":[{"href":"https:\/\/www.fundacionmicrofinanzasbbva.org\/revistaprogreso\/wp-json\/wp\/v2\/pages"}],"about":[{"href":"https:\/\/www.fundacionmicrofinanzasbbva.org\/revistaprogreso\/wp-json\/wp\/v2\/types\/page"}],"author":[{"embeddable":true,"href":"https:\/\/www.fundacionmicrofinanzasbbva.org\/revistaprogreso\/wp-json\/wp\/v2\/users\/30"}],"replies":[{"embeddable":true,"href":"https:\/\/www.fundacionmicrofinanzasbbva.org\/revistaprogreso\/wp-json\/wp\/v2\/comments?post=481"}],"version-history":[{"count":0,"href":"https:\/\/www.fundacionmicrofinanzasbbva.org\/revistaprogreso\/wp-json\/wp\/v2\/pages\/481\/revisions"}],"wp:attachment":[{"href":"https:\/\/www.fundacionmicrofinanzasbbva.org\/revistaprogreso\/wp-json\/wp\/v2\/media?parent=481"}],"curies":[{"name":"wp","href":"https:\/\/api.w.org\/{rel}","templated":true}]}}