{"id":20524,"date":"2023-02-13T10:22:54","date_gmt":"2023-02-13T10:22:54","guid":{"rendered":"https:\/\/www.fundacionmicrofinanzasbbva.org\/revistaprogreso\/?page_id=20524"},"modified":"2025-08-08T10:01:14","modified_gmt":"2025-08-08T08:01:14","slug":"quienes-somos","status":"publish","type":"page","link":"https:\/\/www.fundacionmicrofinanzasbbva.org\/revistaprogreso\/quienes-somos\/","title":{"rendered":"Qui\u00e9nes somos"},"content":{"rendered":"<div class=\"pdfprnt-buttons pdfprnt-buttons-page pdfprnt-top-right\"><a href=\"https:\/\/www.fundacionmicrofinanzasbbva.org\/revistaprogreso\/wp-json\/wp\/v2\/pages\/20524?print=pdf\" class=\"pdfprnt-button pdfprnt-button-pdf\" target=\"_blank\"><img decoding=\"async\" src=\"https:\/\/www.fundacionmicrofinanzasbbva.org\/revistaprogreso\/wp-content\/plugins\/pdf-print\/images\/pdf.png\" alt=\"image_pdf\" title=\"Ver PDF\" \/><\/a><a href=\"https:\/\/www.fundacionmicrofinanzasbbva.org\/revistaprogreso\/wp-json\/wp\/v2\/pages\/20524?print=print\" class=\"pdfprnt-button pdfprnt-button-print\" target=\"_blank\"><img decoding=\"async\" src=\"https:\/\/www.fundacionmicrofinanzasbbva.org\/revistaprogreso\/wp-content\/plugins\/pdf-print\/images\/print.png\" alt=\"image_print\" title=\"Imprimir contenido\" \/><\/a><\/div><p><span style=\"font-weight: 400;\">En 2014 fue creada la Revista Progreso, por la Fundaci\u00f3n Microfinanzas BBVA (FMBBVA), entidad sin \u00e1nimo de lucro que desde su creaci\u00f3n ha apoyado a m\u00e1s de 6 millones de emprendedores de bajos recursos, a quienes ha desembolsado m\u00e1s de 22.000 millones de d\u00f3lares en cr\u00e9ditos para su progreso.\u00a0<\/span><\/p>\n<p><span style=\"font-weight: 400;\">La revista resume de manera trimestral el panorama actual del sector de las microfinanzas en Am\u00e9rica Latina, con un enfoque especializado en la actualidad jur\u00eddica, los criterios ESG y la evoluci\u00f3n del Gobierno corporativo.\u00a0<\/span><\/p>\n<p><span style=\"font-weight: 400;\">La revista incluye noticias clave del trimestre m\u00e1s reciente. Cada edici\u00f3n incluye una entrevista a una persona de reconocido prestigio y un art\u00edculo de opini\u00f3n firmado por relevantes personalidades del sector de las microfinanzas, el desarrollo, la inclusi\u00f3n social y econ\u00f3mica o la tecnolog\u00eda.<\/span><\/p>\n<p><span style=\"font-weight: 400;\">Progreso es una iniciativa pionera en Espa\u00f1a. Esta publicaci\u00f3n se dirige a los principales actores del sector: gobiernos, reguladores, supervisores, legisladores y miembros de entidades multilaterales internacionales, universidades, empresas de rating, medios de comunicaci\u00f3n, fundaciones, entidades financieras sin \u00e1nimo de lucro espa\u00f1olas e internacionales y asociaciones e instituciones financieras, entre otros.<\/span><\/p>\n","protected":false},"excerpt":{"rendered":"<p>En 2014 fue creada la Revista Progreso, por la Fundaci\u00f3n Microfinanzas BBVA (FMBBVA), entidad sin \u00e1nimo de lucro que desde su creaci\u00f3n ha apoyado a m\u00e1s de 6 millones de emprendedores de bajos recursos, a quienes ha desembolsado m\u00e1s de 22.000 millones de d\u00f3lares en cr\u00e9ditos para su progreso.\u00a0 La revista resume de manera trimestral [&hellip;]<\/p>\n","protected":false},"author":22,"featured_media":0,"parent":0,"menu_order":0,"comment_status":"closed","ping_status":"closed","template":"","meta":{"_acf_changed":false,"footnotes":""},"class_list":["post-20524","page","type-page","status-publish","hentry"],"acf":[],"yoast_head":"<!-- This site is optimized with the Yoast SEO plugin v26.8 - https:\/\/yoast.com\/product\/yoast-seo-wordpress\/ -->\n<title>Qui\u00e9nes somos -<\/title>\n<meta name=\"robots\" content=\"index, follow, max-snippet:-1, max-image-preview:large, max-video-preview:-1\" \/>\n<link rel=\"canonical\" href=\"https:\/\/www.fundacionmicrofinanzasbbva.org\/revistaprogreso\/quienes-somos\/\" \/>\n<meta property=\"og:locale\" content=\"es_ES\" \/>\n<meta property=\"og:type\" content=\"article\" \/>\n<meta property=\"og:title\" content=\"Qui\u00e9nes somos -\" \/>\n<meta property=\"og:description\" content=\"En 2014 fue creada la Revista Progreso, por la Fundaci\u00f3n Microfinanzas BBVA (FMBBVA), entidad sin \u00e1nimo de lucro que desde su creaci\u00f3n ha apoyado a m\u00e1s de 6 millones de emprendedores de bajos recursos, a quienes ha desembolsado m\u00e1s de 22.000 millones de d\u00f3lares en cr\u00e9ditos para su progreso.\u00a0 La revista resume de manera trimestral [&hellip;]\" \/>\n<meta property=\"og:url\" content=\"https:\/\/www.fundacionmicrofinanzasbbva.org\/revistaprogreso\/quienes-somos\/\" \/>\n<meta property=\"og:site_name\" content=\"Progreso\" \/>\n<meta property=\"article:publisher\" content=\"https:\/\/www.facebook.com\/fundacionmicrofinanzasbbva\" \/>\n<meta property=\"article:modified_time\" content=\"2025-08-08T08:01:14+00:00\" \/>\n<meta property=\"og:image\" content=\"https:\/\/www.fundacionmicrofinanzasbbva.org\/revistaprogreso\/wp-content\/uploads\/2024\/02\/Logo-FMBBVA-AZUL-1.png\" \/>\n\t<meta property=\"og:image:width\" content=\"1200\" \/>\n\t<meta property=\"og:image:height\" content=\"675\" \/>\n\t<meta property=\"og:image:type\" content=\"image\/png\" \/>\n<meta name=\"twitter:card\" content=\"summary_large_image\" \/>\n<meta name=\"twitter:site\" content=\"@FMBBVA\" \/>\n<meta name=\"twitter:label1\" content=\"Tiempo de lectura\" \/>\n\t<meta name=\"twitter:data1\" content=\"1 minuto\" \/>\n<script type=\"application\/ld+json\" class=\"yoast-schema-graph\">{\"@context\":\"https:\/\/schema.org\",\"@graph\":[{\"@type\":\"WebPage\",\"@id\":\"https:\/\/www.fundacionmicrofinanzasbbva.org\/revistaprogreso\/quienes-somos\/\",\"url\":\"https:\/\/www.fundacionmicrofinanzasbbva.org\/revistaprogreso\/quienes-somos\/\",\"name\":\"Qui\u00e9nes somos -\",\"isPartOf\":{\"@id\":\"https:\/\/fundacionmicrofinanzasbbva.org\/revistaprogreso\/en\/#website\"},\"datePublished\":\"2023-02-13T10:22:54+00:00\",\"dateModified\":\"2025-08-08T08:01:14+00:00\",\"breadcrumb\":{\"@id\":\"https:\/\/www.fundacionmicrofinanzasbbva.org\/revistaprogreso\/quienes-somos\/#breadcrumb\"},\"inLanguage\":\"es\",\"potentialAction\":[{\"@type\":\"ReadAction\",\"target\":[\"https:\/\/www.fundacionmicrofinanzasbbva.org\/revistaprogreso\/quienes-somos\/\"]}]},{\"@type\":\"BreadcrumbList\",\"@id\":\"https:\/\/www.fundacionmicrofinanzasbbva.org\/revistaprogreso\/quienes-somos\/#breadcrumb\",\"itemListElement\":[{\"@type\":\"ListItem\",\"position\":1,\"name\":\"Portada\",\"item\":\"https:\/\/fundacionmicrofinanzasbbva.org\/revistaprogreso\/en\/\"},{\"@type\":\"ListItem\",\"position\":2,\"name\":\"Qui\u00e9nes somos\"}]},{\"@type\":\"WebSite\",\"@id\":\"https:\/\/fundacionmicrofinanzasbbva.org\/revistaprogreso\/en\/#website\",\"url\":\"https:\/\/fundacionmicrofinanzasbbva.org\/revistaprogreso\/en\/\",\"name\":\"Revista Progreso\",\"description\":\"Revista de Actualidad Jur\u00eddica\",\"publisher\":{\"@id\":\"https:\/\/fundacionmicrofinanzasbbva.org\/revistaprogreso\/en\/#organization\"},\"alternateName\":\"Revista Progreso\",\"potentialAction\":[{\"@type\":\"SearchAction\",\"target\":{\"@type\":\"EntryPoint\",\"urlTemplate\":\"https:\/\/fundacionmicrofinanzasbbva.org\/revistaprogreso\/en\/?s={search_term_string}\"},\"query-input\":{\"@type\":\"PropertyValueSpecification\",\"valueRequired\":true,\"valueName\":\"search_term_string\"}}],\"inLanguage\":\"es\"},{\"@type\":\"Organization\",\"@id\":\"https:\/\/fundacionmicrofinanzasbbva.org\/revistaprogreso\/en\/#organization\",\"name\":\"Revista Progreso\",\"alternateName\":\"Revista Progreso\",\"url\":\"https:\/\/fundacionmicrofinanzasbbva.org\/revistaprogreso\/en\/\",\"logo\":{\"@type\":\"ImageObject\",\"inLanguage\":\"es\",\"@id\":\"https:\/\/fundacionmicrofinanzasbbva.org\/revistaprogreso\/en\/#\/schema\/logo\/image\/\",\"url\":\"https:\/\/www.fundacionmicrofinanzasbbva.org\/revistaprogreso\/wp-content\/uploads\/2023\/09\/Logo-FMBBVA-AZUL.png\",\"contentUrl\":\"https:\/\/www.fundacionmicrofinanzasbbva.org\/revistaprogreso\/wp-content\/uploads\/2023\/09\/Logo-FMBBVA-AZUL.png\",\"width\":6173,\"height\":1001,\"caption\":\"Revista Progreso\"},\"image\":{\"@id\":\"https:\/\/fundacionmicrofinanzasbbva.org\/revistaprogreso\/en\/#\/schema\/logo\/image\/\"},\"sameAs\":[\"https:\/\/www.facebook.com\/fundacionmicrofinanzasbbva\",\"https:\/\/x.com\/FMBBVA\",\"https:\/\/www.linkedin.com\/company\/fundacin-microfinanzas-bbva\/\",\"https:\/\/www.instagram.com\/somosfmbbva\/\"]}]}<\/script>\n<!-- \/ Yoast SEO plugin. -->","yoast_head_json":{"title":"Qui\u00e9nes somos -","robots":{"index":"index","follow":"follow","max-snippet":"max-snippet:-1","max-image-preview":"max-image-preview:large","max-video-preview":"max-video-preview:-1"},"canonical":"https:\/\/www.fundacionmicrofinanzasbbva.org\/revistaprogreso\/quienes-somos\/","og_locale":"es_ES","og_type":"article","og_title":"Qui\u00e9nes somos -","og_description":"En 2014 fue creada la Revista Progreso, por la Fundaci\u00f3n Microfinanzas BBVA (FMBBVA), entidad sin \u00e1nimo de lucro que desde su creaci\u00f3n ha apoyado a m\u00e1s de 6 millones de emprendedores de bajos recursos, a quienes ha desembolsado m\u00e1s de 22.000 millones de d\u00f3lares en cr\u00e9ditos para su progreso.\u00a0 La revista resume de manera trimestral [&hellip;]","og_url":"https:\/\/www.fundacionmicrofinanzasbbva.org\/revistaprogreso\/quienes-somos\/","og_site_name":"Progreso","article_publisher":"https:\/\/www.facebook.com\/fundacionmicrofinanzasbbva","article_modified_time":"2025-08-08T08:01:14+00:00","og_image":[{"width":1200,"height":675,"url":"https:\/\/www.fundacionmicrofinanzasbbva.org\/revistaprogreso\/wp-content\/uploads\/2024\/02\/Logo-FMBBVA-AZUL-1.png","type":"image\/png"}],"twitter_card":"summary_large_image","twitter_site":"@FMBBVA","twitter_misc":{"Tiempo de lectura":"1 minuto"},"schema":{"@context":"https:\/\/schema.org","@graph":[{"@type":"WebPage","@id":"https:\/\/www.fundacionmicrofinanzasbbva.org\/revistaprogreso\/quienes-somos\/","url":"https:\/\/www.fundacionmicrofinanzasbbva.org\/revistaprogreso\/quienes-somos\/","name":"Qui\u00e9nes somos -","isPartOf":{"@id":"https:\/\/fundacionmicrofinanzasbbva.org\/revistaprogreso\/en\/#website"},"datePublished":"2023-02-13T10:22:54+00:00","dateModified":"2025-08-08T08:01:14+00:00","breadcrumb":{"@id":"https:\/\/www.fundacionmicrofinanzasbbva.org\/revistaprogreso\/quienes-somos\/#breadcrumb"},"inLanguage":"es","potentialAction":[{"@type":"ReadAction","target":["https:\/\/www.fundacionmicrofinanzasbbva.org\/revistaprogreso\/quienes-somos\/"]}]},{"@type":"BreadcrumbList","@id":"https:\/\/www.fundacionmicrofinanzasbbva.org\/revistaprogreso\/quienes-somos\/#breadcrumb","itemListElement":[{"@type":"ListItem","position":1,"name":"Portada","item":"https:\/\/fundacionmicrofinanzasbbva.org\/revistaprogreso\/en\/"},{"@type":"ListItem","position":2,"name":"Qui\u00e9nes somos"}]},{"@type":"WebSite","@id":"https:\/\/fundacionmicrofinanzasbbva.org\/revistaprogreso\/en\/#website","url":"https:\/\/fundacionmicrofinanzasbbva.org\/revistaprogreso\/en\/","name":"Revista Progreso","description":"Revista de Actualidad Jur\u00eddica","publisher":{"@id":"https:\/\/fundacionmicrofinanzasbbva.org\/revistaprogreso\/en\/#organization"},"alternateName":"Revista Progreso","potentialAction":[{"@type":"SearchAction","target":{"@type":"EntryPoint","urlTemplate":"https:\/\/fundacionmicrofinanzasbbva.org\/revistaprogreso\/en\/?s={search_term_string}"},"query-input":{"@type":"PropertyValueSpecification","valueRequired":true,"valueName":"search_term_string"}}],"inLanguage":"es"},{"@type":"Organization","@id":"https:\/\/fundacionmicrofinanzasbbva.org\/revistaprogreso\/en\/#organization","name":"Revista Progreso","alternateName":"Revista Progreso","url":"https:\/\/fundacionmicrofinanzasbbva.org\/revistaprogreso\/en\/","logo":{"@type":"ImageObject","inLanguage":"es","@id":"https:\/\/fundacionmicrofinanzasbbva.org\/revistaprogreso\/en\/#\/schema\/logo\/image\/","url":"https:\/\/www.fundacionmicrofinanzasbbva.org\/revistaprogreso\/wp-content\/uploads\/2023\/09\/Logo-FMBBVA-AZUL.png","contentUrl":"https:\/\/www.fundacionmicrofinanzasbbva.org\/revistaprogreso\/wp-content\/uploads\/2023\/09\/Logo-FMBBVA-AZUL.png","width":6173,"height":1001,"caption":"Revista Progreso"},"image":{"@id":"https:\/\/fundacionmicrofinanzasbbva.org\/revistaprogreso\/en\/#\/schema\/logo\/image\/"},"sameAs":["https:\/\/www.facebook.com\/fundacionmicrofinanzasbbva","https:\/\/x.com\/FMBBVA","https:\/\/www.linkedin.com\/company\/fundacin-microfinanzas-bbva\/","https:\/\/www.instagram.com\/somosfmbbva\/"]}]}},"_links":{"self":[{"href":"https:\/\/www.fundacionmicrofinanzasbbva.org\/revistaprogreso\/wp-json\/wp\/v2\/pages\/20524","targetHints":{"allow":["GET"]}}],"collection":[{"href":"https:\/\/www.fundacionmicrofinanzasbbva.org\/revistaprogreso\/wp-json\/wp\/v2\/pages"}],"about":[{"href":"https:\/\/www.fundacionmicrofinanzasbbva.org\/revistaprogreso\/wp-json\/wp\/v2\/types\/page"}],"author":[{"embeddable":true,"href":"https:\/\/www.fundacionmicrofinanzasbbva.org\/revistaprogreso\/wp-json\/wp\/v2\/users\/22"}],"replies":[{"embeddable":true,"href":"https:\/\/www.fundacionmicrofinanzasbbva.org\/revistaprogreso\/wp-json\/wp\/v2\/comments?post=20524"}],"version-history":[{"count":1,"href":"https:\/\/www.fundacionmicrofinanzasbbva.org\/revistaprogreso\/wp-json\/wp\/v2\/pages\/20524\/revisions"}],"predecessor-version":[{"id":23008,"href":"https:\/\/www.fundacionmicrofinanzasbbva.org\/revistaprogreso\/wp-json\/wp\/v2\/pages\/20524\/revisions\/23008"}],"wp:attachment":[{"href":"https:\/\/www.fundacionmicrofinanzasbbva.org\/revistaprogreso\/wp-json\/wp\/v2\/media?parent=20524"}],"curies":[{"name":"wp","href":"https:\/\/api.w.org\/{rel}","templated":true}]}}