{"id":10838,"date":"2018-02-15T11:14:13","date_gmt":"2018-02-15T11:14:13","guid":{"rendered":"http:\/\/progresomicrofinanzas.org\/?page_id=10838\/"},"modified":"2024-02-20T15:26:57","modified_gmt":"2024-02-20T14:26:57","slug":"datos-personales","status":"publish","type":"page","link":"https:\/\/www.fundacionmicrofinanzasbbva.org\/revistaprogreso\/datos-personales\/","title":{"rendered":"Datos Personales"},"content":{"rendered":"<div class=\"pdfprnt-buttons pdfprnt-buttons-page pdfprnt-top-right\"><a href=\"https:\/\/www.fundacionmicrofinanzasbbva.org\/revistaprogreso\/wp-json\/wp\/v2\/pages\/10838?print=pdf\" class=\"pdfprnt-button pdfprnt-button-pdf\" target=\"_blank\"><img decoding=\"async\" src=\"https:\/\/www.fundacionmicrofinanzasbbva.org\/revistaprogreso\/wp-content\/plugins\/pdf-print\/images\/pdf.png\" alt=\"image_pdf\" title=\"Ver PDF\" \/><\/a><a href=\"https:\/\/www.fundacionmicrofinanzasbbva.org\/revistaprogreso\/wp-json\/wp\/v2\/pages\/10838?print=print\" class=\"pdfprnt-button pdfprnt-button-print\" target=\"_blank\"><img decoding=\"async\" src=\"https:\/\/www.fundacionmicrofinanzasbbva.org\/revistaprogreso\/wp-content\/plugins\/pdf-print\/images\/print.png\" alt=\"image_print\" title=\"Imprimir contenido\" \/><\/a><\/div><h3>\u00bfQu\u00e9 finalidad tiene esta Pol\u00edtica de Protecci\u00f3n de Datos Personales?<\/h3>\n<p>Esta pol\u00edtica de protecci\u00f3n de datos personales (<strong>\u00abPol\u00edtica de Protecci\u00f3n de Datos Personales\u00bb<\/strong>) tiene por objeto dar a conocer el modo en que obtenemos, tratamos y protegemos los datos personales que facilites o recojamos a trav\u00e9s de nuestro sitio web <a href=\"\/\" target=\"_blank\" rel=\"noopener noreferrer\">www.fundacionmicrofinanzasbbva.org<\/a> (el <strong>\u00abSitio Web\u00bb<\/strong>) por medio de formularios y\/o cookies para que puedas decidir libre y voluntariamente si deseas que los tratemos.<\/p>\n<p>El Sitio Web es titularidad de La Fundaci\u00f3n BBVA para las Microfinanzas (\u00abFMBBVA\u00bb). Para m\u00e1s informaci\u00f3n sobre FMBBVA y el Sitio Web consulta el <a href=\"\/aviso-legal\/\" target=\"_blank\" rel=\"noopener noreferrer\">aviso legal<\/a>.<\/p>\n<p>En este documento te informamos sobre el tratamiento de la informaci\u00f3n que FMBBVA obtiene a trav\u00e9s del Sitio Web pero no es aplicable a la que pueda ser obtenida por terceros en otras p\u00e1ginas web, incluso si \u00e9stas se encuentran enlazadas por el Sitio Web.<\/p>\n<p>Te recordamos la importancia de leer esta Pol\u00edtica de Protecci\u00f3n de Datos Personales en cada una de las ocasiones en que vayas a utilizar el Sitio Web, ya que \u00e9sta puede sufrir modificaciones.<\/p>\n<h3>\u00bfQui\u00e9n es el Responsable del tratamiento de tus datos personales?<\/h3>\n<p>La Fundaci\u00f3n BBVA para las Microfinanzas (\u00abFMBBVA\u00bb), con domicilio social en Paseo de Recoletos n\u00ba 10, 28001 Madrid.<\/p>\n<p>Direcci\u00f3n de correo electr\u00f3nico: <a href=\"mailto:info.microfinanzas@mfbbva.org\" target=\"_blank\" rel=\"noopener\">info.microfinanzas@mfbbva.org<\/a><\/p>\n<h3>\u00bfPara qu\u00e9 utilizamos tus datos personales?<\/h3>\n<ol>\n<li>Para gestionar tu navegaci\u00f3n a trav\u00e9s del Sitio Web conforme a la Pol\u00edtica de cookies que puedes consultar <a href=\"\/politica-de-cookies\/\" target=\"_blank\" rel=\"noopener noreferrer\">aqu\u00ed<\/a>.<\/li>\n<li>Para las finalidades y con la legitimaci\u00f3n que se indiquen en cada uno de los formularios de recogida de datos personales del Sitio Web.<\/li>\n<\/ol>\n<p>En FMBBVA tratamos tus datos personales con absoluta confidencialidad, comprometi\u00e9ndonos a guardar secreto respecto de los mismos y garantizando el deber de guardarlos adoptando todas las medidas necesarias que eviten su alteraci\u00f3n, p\u00e9rdida, tratamiento o acceso no autorizado, de acuerdo con las obligaciones legales que nos aplican como responsables del tratamiento de sus datos personales.<\/p>\n<p>En FMBBVA tenemos implementados y mantenemos los m\u00e1s altos niveles de seguridad exigidos por la legislaci\u00f3n para proteger tus datos de car\u00e1cter personal frente a p\u00e9rdidas fortuitas y accesos, tratamientos o revelaciones no autorizados, habida cuenta del estado de la tecnolog\u00eda, la naturaleza de los datos almacenados y los riesgos a que est\u00e1n expuestos.<\/p>\n<h3>\u00bfDurante cu\u00e1nto tiempo conservaremos tus datos?<\/h3>\n<p>Durante el tiempo que indique el formulario que, en su caso, te presentemos para facilitar tus datos personales a FMBBVA, as\u00ed como el plazo se\u00f1alado en la <a href=\"\/politica-de-cookies\/\" target=\"_blank\" rel=\"noopener noreferrer\">Pol\u00edtica de Cookies<\/a>.<\/p>\n<h3>\u00bfA qui\u00e9n comunicaremos tus datos?<\/h3>\n<p>No cederemos tus datos personales a terceros, salvo que estemos obligados por una ley o que t\u00fa lo consientas.<\/p>\n<p>Cuando sea necesario tu consentimiento para comunicar tus datos personales a terceros, en los formularios de recogida de datos te informaremos de la finalidad del tratamiento, de los datos objeto de comunicaci\u00f3n as\u00ed como de la identidad o sectores de actividad de los posibles cesionarios de tus datos personales.<\/p>\n<p>Puedes consultar en la <a href=\"\/politica-de-cookies\/\" target=\"_blank\" rel=\"noopener noreferrer\">Pol\u00edtica de cookies<\/a> los terceros que reciben datos personales mediante cookies a partir de este Sitio Web.<\/p>\n<h3>\u00bfFMBBVA utiliza cookies en este website?<\/h3>\n<p>En nuestro Sitio Web utilizamos una tecnolog\u00eda denominada \u201ccookies\u00bb. Para m\u00e1s informaci\u00f3n detallada sobre c\u00f3mo utiliza FMBBVA las cookies consulta la Pol\u00edtica de Cookies <a href=\"\/politica-de-cookies\/\" target=\"_blank\" rel=\"noopener noreferrer\">aqu\u00ed<\/a>.<\/p>\n<h3>\u00bfFMBBVA utiliza enlaces a otras p\u00e1ginas web?<\/h3>\n<p>El Sitio Web puede contener enlaces a otras p\u00e1ginas web. Ten en cuenta que FMBBVA no es responsable de la privacidad y el tratamiento de datos personales de otras p\u00e1ginas web. Este documento de Pol\u00edtica de Protecci\u00f3n de Datos Personales se aplica exclusivamente a la informaci\u00f3n que se recaba en el Sitio Web por FMBBVA. Te recomendamos que leas las pol\u00edticas tratamiento de datos personales de otras p\u00e1ginas web con las que enlaces desde nuestro Sitio Web o que visites de cualquier otro modo. Asimismo, podr\u00e1s obtener m\u00e1s informaci\u00f3n sobre nuestra pol\u00edtica de enlaces en nuestro Aviso Legal <a href=\"\/aviso-legal\/\" target=\"_blank\" rel=\"noopener noreferrer\">aqu\u00ed<\/a>.<\/p>\n<h3>\u00bfCu\u00e1les son tus derechos cuando nos facilitas tus datos?<\/h3>\n<div class=\"table-container\">\n<p><strong>Derecho<\/strong><strong>Contenido<\/strong><strong>Canales de atenci\u00f3n<\/strong><\/p>\n<table class=\"terceros_responsive\" border=\"0\" width=\"100%\">\n<thead><\/thead>\n<tbody>\n<tr>\n<td align=\"center\" data-head=\"Derecho\"><strong>Acceso<\/strong><\/td>\n<td data-head=\"Contenido\">Podr\u00e1s consultar tus datos personales incluidos en ficheros de FMBBVA<\/td>\n<td rowspan=\"6\" align=\"center\" data-head=\"Canales\">Por email:<br \/>\n<a href=\"mailto:protecciondedatos@grupomfbbva.org\" target=\"_blank\" rel=\"noopener\">protecciondedatos@grupomfbbva.org<\/a>,O por carta dirigida a<br \/>\nFMBBVA-Protecci\u00f3n de Datos<br \/>\nen Paseo de Recoletos 10, 28001 Madrid.<\/td>\n<\/tr>\n<tr>\n<td align=\"center\" data-head=\"Derecho\"><strong>Rectificaci\u00f3n<\/strong><\/td>\n<td data-head=\"Contenido\">Podr\u00e1s modificar tus datos personales cuando sean inexactos<\/td>\n<\/tr>\n<tr>\n<td align=\"center\" data-head=\"Derecho\"><strong>Supresi\u00f3n<\/strong><\/td>\n<td data-head=\"Contenido\">Podr\u00e1s solicitar la eliminaci\u00f3n de tus datos personales<\/td>\n<\/tr>\n<tr>\n<td align=\"center\" data-head=\"Derecho\"><strong>Oposici\u00f3n<\/strong><\/td>\n<td data-head=\"Contenido\">Podr\u00e1s solicitar que no se traten tus datos personales<\/td>\n<\/tr>\n<tr>\n<td align=\"center\" data-head=\"Derecho\"><strong>Limitaci\u00f3n del tratamiento<\/strong><\/td>\n<td data-head=\"Contenido\">Podr\u00e1s solicitar la limitaci\u00f3n al tratamiento de tus datos en los siguientes casos:<br \/>\n&#8211; Mientras se comprueba la impugnaci\u00f3n de la exactitud de tus datos.<br \/>\n&#8211; Cuando el tratamiento es il\u00edcito, pero te opongas a la supresi\u00f3n de tus datos.<br \/>\n&#8211; Cuando FMBBVA no necesite tratar tus datos pero t\u00fa los necesites para el ejercicio o la defensa de reclamaciones.<br \/>\n&#8211; Cuando te hayas opuesto al tratamiento de tus datos para el cumplimiento de una misi\u00f3n en inter\u00e9s p\u00fablico o para la satisfacci\u00f3n de un inter\u00e9s leg\u00edtimo, mientras se verifica si los motivos leg\u00edtimos para el tratamiento prevalecen sobre los tuyos.<\/td>\n<\/tr>\n<tr>\n<td align=\"center\" data-head=\"Derecho\"><strong>Portabilidad<\/strong><\/td>\n<td data-head=\"Contenido\">Podr\u00e1s recibir, en formato electr\u00f3nico, los datos personales que nos hayas facilitado, as\u00ed como a transmitirlos a otra entidad.<\/td>\n<\/tr>\n<tr>\n<td colspan=\"3\">Si consideras que no hemos tratado tus datos personales de acuerdo con la normativa, puedes contactar con nosotros a trav\u00e9s del email: <a href=\"mailto:protecciondedatos@grupomfbbva.org\" target=\"_blank\" rel=\"noopener\">protecciondedatos@grupomfbbva.org<\/a><br \/>\nNo obstante, tienes derecho a presentar una reclamaci\u00f3n ante la Agencia Espa\u00f1ola de Protecci\u00f3n de Datos (<a href=\"http:\/\/www.agpd.es\" target=\"_blank\" rel=\"noopener noreferrer\">www.agpd.es<\/a>).<\/td>\n<\/tr>\n<tr>\n<td colspan=\"3\"><\/td>\n<\/tr>\n<tr>\n<td colspan=\"3\">El ejercicio de estos derechos es gratuito.<\/td>\n<\/tr>\n<\/tbody>\n<\/table>\n<\/div>\n<p>Asimismo, en cualquier momento, puedes retirar el consentimiento prestado sin que ello afecte a la licitud del tratamiento enviando tu solicitud a la direcci\u00f3n de email <a href=\"mailto:protecciondedatos@grupomfbbva.org\" target=\"_blank\" rel=\"noopener\">protecciondedatos@grupomfbbva.org<\/a>, o por carta dirigida a FMBBVA-Protecci\u00f3n de Datos<br \/>\nen Paseo de Recoletos 10, 28001 Madrid.<\/p>\n","protected":false},"excerpt":{"rendered":"<p>\u00bfQu\u00e9 finalidad tiene esta Pol\u00edtica de Protecci\u00f3n de Datos Personales? Esta pol\u00edtica de protecci\u00f3n de datos personales (\u00abPol\u00edtica de Protecci\u00f3n de Datos Personales\u00bb) tiene por objeto dar a conocer el modo en que obtenemos, tratamos y protegemos los datos personales que facilites o recojamos a trav\u00e9s de nuestro sitio web www.fundacionmicrofinanzasbbva.org (el \u00abSitio Web\u00bb) por [&hellip;]<\/p>\n","protected":false},"author":30,"featured_media":0,"parent":0,"menu_order":11,"comment_status":"closed","ping_status":"closed","template":"","meta":{"_acf_changed":false,"footnotes":""},"class_list":["post-10838","page","type-page","status-publish","hentry"],"acf":[],"yoast_head":"<!-- This site is optimized with the Yoast SEO plugin v26.8 - https:\/\/yoast.com\/product\/yoast-seo-wordpress\/ -->\n<title>Datos Personales -<\/title>\n<meta name=\"robots\" content=\"index, follow, max-snippet:-1, max-image-preview:large, max-video-preview:-1\" \/>\n<link rel=\"canonical\" href=\"https:\/\/www.fundacionmicrofinanzasbbva.org\/revistaprogreso\/datos-personales\/\" \/>\n<meta property=\"og:locale\" content=\"es_ES\" \/>\n<meta property=\"og:type\" content=\"article\" \/>\n<meta property=\"og:title\" content=\"Datos Personales -\" \/>\n<meta property=\"og:description\" content=\"\u00bfQu\u00e9 finalidad tiene esta Pol\u00edtica de Protecci\u00f3n de Datos Personales? Esta pol\u00edtica de protecci\u00f3n de datos personales (\u00abPol\u00edtica de Protecci\u00f3n de Datos Personales\u00bb) tiene por objeto dar a conocer el modo en que obtenemos, tratamos y protegemos los datos personales que facilites o recojamos a trav\u00e9s de nuestro sitio web www.fundacionmicrofinanzasbbva.org (el \u00abSitio Web\u00bb) por [&hellip;]\" \/>\n<meta property=\"og:url\" content=\"https:\/\/www.fundacionmicrofinanzasbbva.org\/revistaprogreso\/datos-personales\/\" \/>\n<meta property=\"og:site_name\" content=\"Progreso\" \/>\n<meta property=\"article:publisher\" content=\"https:\/\/www.facebook.com\/fundacionmicrofinanzasbbva\" \/>\n<meta property=\"article:modified_time\" content=\"2024-02-20T14:26:57+00:00\" \/>\n<meta property=\"og:image\" content=\"https:\/\/www.fundacionmicrofinanzasbbva.org\/revistaprogreso\/wp-content\/uploads\/2024\/02\/Logo-FMBBVA-AZUL-1.png\" \/>\n\t<meta property=\"og:image:width\" content=\"1200\" \/>\n\t<meta property=\"og:image:height\" content=\"675\" \/>\n\t<meta property=\"og:image:type\" content=\"image\/png\" \/>\n<meta name=\"twitter:card\" content=\"summary_large_image\" \/>\n<meta name=\"twitter:site\" content=\"@FMBBVA\" \/>\n<meta name=\"twitter:label1\" content=\"Tiempo de lectura\" \/>\n\t<meta name=\"twitter:data1\" content=\"5 minutos\" \/>\n<script type=\"application\/ld+json\" class=\"yoast-schema-graph\">{\"@context\":\"https:\/\/schema.org\",\"@graph\":[{\"@type\":\"WebPage\",\"@id\":\"https:\/\/www.fundacionmicrofinanzasbbva.org\/revistaprogreso\/datos-personales\/\",\"url\":\"https:\/\/www.fundacionmicrofinanzasbbva.org\/revistaprogreso\/datos-personales\/\",\"name\":\"Datos Personales -\",\"isPartOf\":{\"@id\":\"https:\/\/www.fundacionmicrofinanzasbbva.org\/revistaprogreso\/#website\"},\"datePublished\":\"2018-02-15T11:14:13+00:00\",\"dateModified\":\"2024-02-20T14:26:57+00:00\",\"breadcrumb\":{\"@id\":\"https:\/\/www.fundacionmicrofinanzasbbva.org\/revistaprogreso\/datos-personales\/#breadcrumb\"},\"inLanguage\":\"es\",\"potentialAction\":[{\"@type\":\"ReadAction\",\"target\":[\"https:\/\/www.fundacionmicrofinanzasbbva.org\/revistaprogreso\/datos-personales\/\"]}]},{\"@type\":\"BreadcrumbList\",\"@id\":\"https:\/\/www.fundacionmicrofinanzasbbva.org\/revistaprogreso\/datos-personales\/#breadcrumb\",\"itemListElement\":[{\"@type\":\"ListItem\",\"position\":1,\"name\":\"Portada\",\"item\":\"https:\/\/www.fundacionmicrofinanzasbbva.org\/revistaprogreso\/\"},{\"@type\":\"ListItem\",\"position\":2,\"name\":\"Datos Personales\"}]},{\"@type\":\"WebSite\",\"@id\":\"https:\/\/www.fundacionmicrofinanzasbbva.org\/revistaprogreso\/#website\",\"url\":\"https:\/\/www.fundacionmicrofinanzasbbva.org\/revistaprogreso\/\",\"name\":\"Revista Progreso\",\"description\":\"Revista de Actualidad Jur\u00eddica\",\"publisher\":{\"@id\":\"https:\/\/www.fundacionmicrofinanzasbbva.org\/revistaprogreso\/#organization\"},\"alternateName\":\"Revista Progreso\",\"potentialAction\":[{\"@type\":\"SearchAction\",\"target\":{\"@type\":\"EntryPoint\",\"urlTemplate\":\"https:\/\/www.fundacionmicrofinanzasbbva.org\/revistaprogreso\/?s={search_term_string}\"},\"query-input\":{\"@type\":\"PropertyValueSpecification\",\"valueRequired\":true,\"valueName\":\"search_term_string\"}}],\"inLanguage\":\"es\"},{\"@type\":\"Organization\",\"@id\":\"https:\/\/www.fundacionmicrofinanzasbbva.org\/revistaprogreso\/#organization\",\"name\":\"Revista Progreso\",\"alternateName\":\"Revista Progreso\",\"url\":\"https:\/\/www.fundacionmicrofinanzasbbva.org\/revistaprogreso\/\",\"logo\":{\"@type\":\"ImageObject\",\"inLanguage\":\"es\",\"@id\":\"https:\/\/www.fundacionmicrofinanzasbbva.org\/revistaprogreso\/#\/schema\/logo\/image\/\",\"url\":\"https:\/\/www.fundacionmicrofinanzasbbva.org\/revistaprogreso\/wp-content\/uploads\/2023\/09\/Logo-FMBBVA-AZUL.png\",\"contentUrl\":\"https:\/\/www.fundacionmicrofinanzasbbva.org\/revistaprogreso\/wp-content\/uploads\/2023\/09\/Logo-FMBBVA-AZUL.png\",\"width\":6173,\"height\":1001,\"caption\":\"Revista Progreso\"},\"image\":{\"@id\":\"https:\/\/www.fundacionmicrofinanzasbbva.org\/revistaprogreso\/#\/schema\/logo\/image\/\"},\"sameAs\":[\"https:\/\/www.facebook.com\/fundacionmicrofinanzasbbva\",\"https:\/\/x.com\/FMBBVA\",\"https:\/\/www.linkedin.com\/company\/fundacin-microfinanzas-bbva\/\",\"https:\/\/www.instagram.com\/somosfmbbva\/\"]}]}<\/script>\n<!-- \/ Yoast SEO plugin. -->","yoast_head_json":{"title":"Datos Personales -","robots":{"index":"index","follow":"follow","max-snippet":"max-snippet:-1","max-image-preview":"max-image-preview:large","max-video-preview":"max-video-preview:-1"},"canonical":"https:\/\/www.fundacionmicrofinanzasbbva.org\/revistaprogreso\/datos-personales\/","og_locale":"es_ES","og_type":"article","og_title":"Datos Personales -","og_description":"\u00bfQu\u00e9 finalidad tiene esta Pol\u00edtica de Protecci\u00f3n de Datos Personales? Esta pol\u00edtica de protecci\u00f3n de datos personales (\u00abPol\u00edtica de Protecci\u00f3n de Datos Personales\u00bb) tiene por objeto dar a conocer el modo en que obtenemos, tratamos y protegemos los datos personales que facilites o recojamos a trav\u00e9s de nuestro sitio web www.fundacionmicrofinanzasbbva.org (el \u00abSitio Web\u00bb) por [&hellip;]","og_url":"https:\/\/www.fundacionmicrofinanzasbbva.org\/revistaprogreso\/datos-personales\/","og_site_name":"Progreso","article_publisher":"https:\/\/www.facebook.com\/fundacionmicrofinanzasbbva","article_modified_time":"2024-02-20T14:26:57+00:00","og_image":[{"width":1200,"height":675,"url":"https:\/\/www.fundacionmicrofinanzasbbva.org\/revistaprogreso\/wp-content\/uploads\/2024\/02\/Logo-FMBBVA-AZUL-1.png","type":"image\/png"}],"twitter_card":"summary_large_image","twitter_site":"@FMBBVA","twitter_misc":{"Tiempo de lectura":"5 minutos"},"schema":{"@context":"https:\/\/schema.org","@graph":[{"@type":"WebPage","@id":"https:\/\/www.fundacionmicrofinanzasbbva.org\/revistaprogreso\/datos-personales\/","url":"https:\/\/www.fundacionmicrofinanzasbbva.org\/revistaprogreso\/datos-personales\/","name":"Datos Personales -","isPartOf":{"@id":"https:\/\/www.fundacionmicrofinanzasbbva.org\/revistaprogreso\/#website"},"datePublished":"2018-02-15T11:14:13+00:00","dateModified":"2024-02-20T14:26:57+00:00","breadcrumb":{"@id":"https:\/\/www.fundacionmicrofinanzasbbva.org\/revistaprogreso\/datos-personales\/#breadcrumb"},"inLanguage":"es","potentialAction":[{"@type":"ReadAction","target":["https:\/\/www.fundacionmicrofinanzasbbva.org\/revistaprogreso\/datos-personales\/"]}]},{"@type":"BreadcrumbList","@id":"https:\/\/www.fundacionmicrofinanzasbbva.org\/revistaprogreso\/datos-personales\/#breadcrumb","itemListElement":[{"@type":"ListItem","position":1,"name":"Portada","item":"https:\/\/www.fundacionmicrofinanzasbbva.org\/revistaprogreso\/"},{"@type":"ListItem","position":2,"name":"Datos Personales"}]},{"@type":"WebSite","@id":"https:\/\/www.fundacionmicrofinanzasbbva.org\/revistaprogreso\/#website","url":"https:\/\/www.fundacionmicrofinanzasbbva.org\/revistaprogreso\/","name":"Revista Progreso","description":"Revista de Actualidad Jur\u00eddica","publisher":{"@id":"https:\/\/www.fundacionmicrofinanzasbbva.org\/revistaprogreso\/#organization"},"alternateName":"Revista Progreso","potentialAction":[{"@type":"SearchAction","target":{"@type":"EntryPoint","urlTemplate":"https:\/\/www.fundacionmicrofinanzasbbva.org\/revistaprogreso\/?s={search_term_string}"},"query-input":{"@type":"PropertyValueSpecification","valueRequired":true,"valueName":"search_term_string"}}],"inLanguage":"es"},{"@type":"Organization","@id":"https:\/\/www.fundacionmicrofinanzasbbva.org\/revistaprogreso\/#organization","name":"Revista Progreso","alternateName":"Revista Progreso","url":"https:\/\/www.fundacionmicrofinanzasbbva.org\/revistaprogreso\/","logo":{"@type":"ImageObject","inLanguage":"es","@id":"https:\/\/www.fundacionmicrofinanzasbbva.org\/revistaprogreso\/#\/schema\/logo\/image\/","url":"https:\/\/www.fundacionmicrofinanzasbbva.org\/revistaprogreso\/wp-content\/uploads\/2023\/09\/Logo-FMBBVA-AZUL.png","contentUrl":"https:\/\/www.fundacionmicrofinanzasbbva.org\/revistaprogreso\/wp-content\/uploads\/2023\/09\/Logo-FMBBVA-AZUL.png","width":6173,"height":1001,"caption":"Revista Progreso"},"image":{"@id":"https:\/\/www.fundacionmicrofinanzasbbva.org\/revistaprogreso\/#\/schema\/logo\/image\/"},"sameAs":["https:\/\/www.facebook.com\/fundacionmicrofinanzasbbva","https:\/\/x.com\/FMBBVA","https:\/\/www.linkedin.com\/company\/fundacin-microfinanzas-bbva\/","https:\/\/www.instagram.com\/somosfmbbva\/"]}]}},"_links":{"self":[{"href":"https:\/\/www.fundacionmicrofinanzasbbva.org\/revistaprogreso\/wp-json\/wp\/v2\/pages\/10838","targetHints":{"allow":["GET"]}}],"collection":[{"href":"https:\/\/www.fundacionmicrofinanzasbbva.org\/revistaprogreso\/wp-json\/wp\/v2\/pages"}],"about":[{"href":"https:\/\/www.fundacionmicrofinanzasbbva.org\/revistaprogreso\/wp-json\/wp\/v2\/types\/page"}],"author":[{"embeddable":true,"href":"https:\/\/www.fundacionmicrofinanzasbbva.org\/revistaprogreso\/wp-json\/wp\/v2\/users\/30"}],"replies":[{"embeddable":true,"href":"https:\/\/www.fundacionmicrofinanzasbbva.org\/revistaprogreso\/wp-json\/wp\/v2\/comments?post=10838"}],"version-history":[{"count":0,"href":"https:\/\/www.fundacionmicrofinanzasbbva.org\/revistaprogreso\/wp-json\/wp\/v2\/pages\/10838\/revisions"}],"wp:attachment":[{"href":"https:\/\/www.fundacionmicrofinanzasbbva.org\/revistaprogreso\/wp-json\/wp\/v2\/media?parent=10838"}],"curies":[{"name":"wp","href":"https:\/\/api.w.org\/{rel}","templated":true}]}}