{"id":569,"date":"2023-02-20T17:15:20","date_gmt":"2023-02-20T16:15:20","guid":{"rendered":"https:\/\/www.fundacionmicrofinanzasbbva.org\/15-aniversario\/?page_id=569"},"modified":"2023-03-01T13:48:05","modified_gmt":"2023-03-01T12:48:05","slug":"datos-personales","status":"publish","type":"page","link":"https:\/\/www.fundacionmicrofinanzasbbva.org\/15-aniversario\/datos-personales\/","title":{"rendered":"Datos personales"},"content":{"rendered":"\t\t<div data-elementor-type=\"wp-page\" data-elementor-id=\"569\" class=\"elementor elementor-569\">\n\t\t\t\t\t\t<section class=\"elementor-section elementor-top-section elementor-element elementor-element-4b7d5bd elementor-section-boxed elementor-section-height-default elementor-section-height-default\" data-id=\"4b7d5bd\" data-element_type=\"section\">\n\t\t\t\t\t\t<div class=\"elementor-container elementor-column-gap-default\">\n\t\t\t\t\t<div class=\"aux-parallax-section elementor-column elementor-col-100 elementor-top-column elementor-element elementor-element-f4800cb\" data-id=\"f4800cb\" data-element_type=\"column\">\n\t\t\t<div class=\"elementor-widget-wrap elementor-element-populated\">\n\t\t\t\t\t\t<div class=\"elementor-element elementor-element-1c12b03 elementor-widget elementor-widget-text-editor\" data-id=\"1c12b03\" data-element_type=\"widget\" data-widget_type=\"text-editor.default\">\n\t\t\t\t<div class=\"elementor-widget-container\">\n\t\t\t\t\t\t\t\t\t<h5 class=\"bold\">\u00bfQu\u00e9 finalidad tiene esta Pol\u00edtica de Protecci\u00f3n de Datos Personales?<\/h5><p>Esta pol\u00edtica de protecci\u00f3n de datos personales (\u201cPol\u00edtica de Protecci\u00f3n de Datos Personales\u201d) tiene por objeto dar a conocer el modo en que obtenemos, tratamos y protegemos los datos personales que facilites o recojamos a trav\u00e9s de nuestro sitio web www.actos.fundacionmicrofinanzasbbva.org (el \u201cSitio Web\u201d) por medio de formularios y\/o cookies para que puedas decidir libre y voluntariamente si deseas que los tratemos.<\/p><p>El Sitio Web es titularidad de la Fundaci\u00f3n BBVA para las Microfinanzas (\u201cFMBBVA\u201d). Para m\u00e1s informaci\u00f3n sobre FMBBVA y el Sitio Web consulta el\u00a0<a href=\"https:\/\/www.actos.fundacionmicrofinanzasbbva.org\/aviso-legal.html\">aviso legal<\/a>.<\/p><p>En este documento te informamos sobre el tratamiento de la informaci\u00f3n que FMBBVA obtiene a trav\u00e9s del Sitio Web pero no es aplicable a la que pueda ser obtenida por terceros en otras p\u00e1ginas web, incluso si estas se encuentran enlazadas por el Sitio Web.<\/p><p>Te recordamos la importancia de leer esta Pol\u00edtica de Protecci\u00f3n de Datos Personales en cada una de las ocasiones en que vayas a utilizar el Sitio Web, ya que esta puede sufrir modificaciones.<\/p><h5 class=\"bold\">\u00bfQui\u00e9n es el responsable del tratamiento de tus datos personales?<\/h5><p>El responsable del tratamiento de tus datos personales es la Fundaci\u00f3n BBVA para las Microfinanzas, con domicilio social en Paseo de Recoletos n\u00ba 10, 28001, Madrid y direcci\u00f3n de correo electr\u00f3nico:\u00a0<a href=\"mailto:info.microfinanzas@mfbbva.org\">info.microfinanzas@mfbbva.org<\/a>.<\/p><h5 class=\"bold\">\u00bfPara qu\u00e9 utilizamos tus datos personales?<\/h5><ol><li>Para gestionar tu navegaci\u00f3n a trav\u00e9s del Sitio Web conforme a la Pol\u00edtica de Cookies que puedes consultar\u00a0<a href=\"https:\/\/www.actos.fundacionmicrofinanzasbbva.org\/politica-de-cookies.html\">aqu\u00ed<\/a>.<\/li><li>Para las finalidades y con la legitimaci\u00f3n que se indiquen en cada uno de los formularios de recogida de datos personales del Sitio Web.<\/li><\/ol><p>En FMBBVA tratamos tus datos personales con absoluta confidencialidad, comprometi\u00e9ndonos a guardar secreto respecto de los mismos y garantizando el deber de guardarlos adoptando todas las medidas necesarias que eviten su alteraci\u00f3n, p\u00e9rdida, tratamiento o acceso no autorizado, de acuerdo con las obligaciones legales que nos aplican como responsables del tratamiento de sus datos personales.<\/p><p>Tenemos implementados y mantenemos los m\u00e1s altos niveles de seguridad exigidos por la legislaci\u00f3n para proteger tus datos de car\u00e1cter personal frente a p\u00e9rdidas fortuitas y accesos, tratamientos o revelaciones no autorizados, habida cuenta del estado de la tecnolog\u00eda, la naturaleza de los datos almacenados y los riesgos a que est\u00e1n expuestos.<\/p><h5 class=\"bold\">\u00bfDurante cu\u00e1nto tiempo conservaremos tus datos?<\/h5><p>Durante el tiempo que indique el formulario que, en su caso, te presentemos para facilitar tus datos personales a FMBBVA, as\u00ed como el plazo se\u00f1alado en la\u00a0<a href=\"https:\/\/www.actos.fundacionmicrofinanzasbbva.org\/politica-de-cookies.html\">Pol\u00edtica de Cookies<\/a>.<\/p><h5 class=\"bold\">\u00bfA qui\u00e9n comunicaremos tus datos?<\/h5><p>No cederemos tus datos personales a terceros, salvo que estemos obligados por una ley o que t\u00fa lo consientas.<\/p><p>Cuando sea necesario tu consentimiento para comunicar tus datos personales a terceros, en los formularios de recogida de datos te informaremos de la finalidad del tratamiento, de los datos objeto de comunicaci\u00f3n as\u00ed como de la identidad o sectores de actividad de los posibles cesionarios de tus datos personales.<br \/>Puedes consultar en la\u00a0<a href=\"https:\/\/www.actos.fundacionmicrofinanzasbbva.org\/politica-de-cookies.html\">Pol\u00edtica de Cookies<\/a>\u00a0los terceros que reciben datos personales mediante cookies a partir de este Sitio Web.<\/p><h5 class=\"bold\">\u00bfFMBBVA utiliza cookies en este Sitio Web?<\/h5><p>En nuestro Sitio Web utilizamos una tecnolog\u00eda denominada \u201ccookies\u00bb. Para m\u00e1s informaci\u00f3n detallada sobre c\u00f3mo utiliza FMBBVA las cookies consulta la\u00a0<a href=\"https:\/\/www.actos.fundacionmicrofinanzasbbva.org\/politica-de-cookies.html\">Pol\u00edtica de Cookies<\/a>.<\/p><h5 class=\"bold\">\u00bfFMBBVA utiliza enlaces a otras p\u00e1ginas web?<\/h5><p>El Sitio Web puede contener enlaces a otras p\u00e1ginas web. Ten en cuenta que FMBBVA no es responsable de la privacidad y el tratamiento de datos personales de otras p\u00e1ginas web. Este documento de Pol\u00edtica de Protecci\u00f3n de Datos Personales se aplica exclusivamente a la informaci\u00f3n que se recaba en el Sitio Web por FMBBVA.<\/p><p>Te recomendamos que leas las pol\u00edticas tratamiento de datos personales de otras p\u00e1ginas web a las que enlaces desde nuestro Sitio Web o que visites de cualquier otro modo. As\u00ed mismo, podr\u00e1s obtener m\u00e1s informaci\u00f3n sobre nuestra pol\u00edtica de enlaces en nuestro\u00a0<a href=\"https:\/\/www.actos.fundacionmicrofinanzasbbva.org\/aviso-legal.html\">Aviso Legal<\/a>.<\/p><h5 class=\"bold\">\u00bfCu\u00e1les son tus derechos cuando nos facilitas tus datos?<\/h5><div class=\"boxTable\"><table width=\"100%\" cellspacing=\"0\" cellpadding=\"0\"><thead><tr><td>Derecho<\/td><td>Contenido<\/td><td>Canales de atenci\u00f3n<\/td><\/tr><\/thead><tbody><tr><td>Acceso<\/td><td>Podr\u00e1s consultar tus datos personales incluidos en ficheros de FMBBVA<\/td><td rowspan=\"6\"><span class=\"bold\">Por email:<\/span>\u00a0<a href=\"mailto:protecciondedatos@grupomfbbva.org\">protecciondedatos@grupomfbbva.org<\/a>.<br \/><span class=\"bold\">O por carta dirigida a FMBBVA<\/span>: Protecci\u00f3n de Datos en Paseo de Recoletos 10, 28001, Madrid.<br \/>Recuerda acompa\u00f1ar a tu solicitud una copia de tu DNI o documento equivalente acreditativo de tu identidad.<\/td><\/tr><tr><td>Rectificaci\u00f3n<\/td><td>Podr\u00e1s modificar tus datos personales cuando sean inexactos<\/td><\/tr><tr><td>Supresi\u00f3n<\/td><td>Podr\u00e1s solicitar la eliminaci\u00f3n de tus datos personales<\/td><\/tr><tr><td>Oposici\u00f3n<\/td><td>Podr\u00e1s solicitar que no se traten tus datos personales<\/td><\/tr><tr><td>Limitaci\u00f3n del tratamiento<\/td><td>Podr\u00e1s solicitar la limitaci\u00f3n al tratamiento de tus datos en los siguientes casos:<br \/>\u2013 Mientras se comprueba la impugnaci\u00f3n de la exactitud de tus datos.<br \/>\u2013 Cuando el tratamiento es il\u00edcito, pero te opongas a la supresi\u00f3n de tus datos.<br \/>\u2013 Cuando FMBBVA no necesite tratar tus datos pero t\u00fa los necesites para el ejercicio o la defensa de reclamaciones.<br \/>\u2013 Cuando te hayas opuesto al tratamiento de tus datos para el cumplimiento de una misi\u00f3n en inter\u00e9s p\u00fablico o para la satisfacci\u00f3n de un inter\u00e9s leg\u00edtimo, mientras se verifica si los motivos leg\u00edtimos para el tratamiento prevalecen sobre los tuyos.<\/td><\/tr><tr><td>Portabilidad<\/td><td>Portabilidad Podr\u00e1s recibir, en formato electr\u00f3nico, los datos personales que nos hayas facilitado, as\u00ed como transmitirlos a otra entidad.<\/td><\/tr><tr><td class=\"bg-light text-center\" colspan=\"3\">El ejercicio de estos derechos es gratuito.<\/td><\/tr><\/tbody><\/table><\/div><p>Si consideras que no hemos tratado tus datos personales de acuerdo con la normativa, puedes contactar con nosotros a trav\u00e9s del email:\u00a0<a href=\"mailto:protecciondedatos@grupomfbbva.org\">protecciondedatos@grupomfbbva.org<\/a>. No obstante, tienes derecho a presentar una reclamaci\u00f3n ante la Agencia Espa\u00f1ola de Protecci\u00f3n de Datos (<a href=\"https:\/\/www.actos.fundacionmicrofinanzasbbva.org\/www.agpd.es\" target=\"_blank\" rel=\"noopener\">www.agpd.es<\/a>).<\/p><p>Asimismo, en cualquier momento, puedes retirar el consentimiento prestado sin que ello afecte a la licitud del tratamiento, enviando tu solicitud a la direcci\u00f3n de email\u00a0<a href=\"mailto:protecciondedatos@grupomfbbva.org\">protecciondedatos@grupomfbbva.org<\/a>, o por carta dirigida a FMBBVA &#8211; Protecci\u00f3n de Datos en Paseo de Recoletos 10, 28001, Madrid. Recuerda acompa\u00f1ar a tu solicitud una copia de tu DNI o documento equivalente acreditativo de tu identidad.<\/p>\t\t\t\t\t\t\t\t<\/div>\n\t\t\t\t<\/div>\n\t\t\t\t\t<\/div>\n\t\t<\/div>\n\t\t\t\t\t<\/div>\n\t\t<\/section>\n\t\t\t\t<\/div>\n\t\t","protected":false},"excerpt":{"rendered":"<p>\u00bfQu\u00e9 finalidad tiene esta Pol\u00edtica de Protecci\u00f3n de Datos Personales? Esta pol\u00edtica de protecci\u00f3n de datos personales (\u201cPol\u00edtica de Protecci\u00f3n de Datos Personales\u201d) tiene por objeto dar a conocer el modo en que obtenemos, tratamos y protegemos los datos personales que facilites o recojamos a trav\u00e9s de nuestro sitio web www.actos.fundacionmicrofinanzasbbva.org (el \u201cSitio Web\u201d) por [&hellip;]<\/p>\n","protected":false},"author":1,"featured_media":0,"parent":0,"menu_order":0,"comment_status":"closed","ping_status":"closed","template":"","meta":{"footnotes":""},"class_list":["post-569","page","type-page","status-publish","hentry"],"yoast_head":"<!-- This site is optimized with the Yoast SEO plugin v26.8 - https:\/\/yoast.com\/product\/yoast-seo-wordpress\/ -->\n<title>Datos personales - Fundaci\u00f3n BBVA Microfinanzas<\/title>\n<meta name=\"robots\" content=\"index, follow, max-snippet:-1, max-image-preview:large, max-video-preview:-1\" \/>\n<link rel=\"canonical\" href=\"https:\/\/www.fundacionmicrofinanzasbbva.org\/15-aniversario\/datos-personales\/\" \/>\n<meta property=\"og:locale\" content=\"es_ES\" \/>\n<meta property=\"og:type\" content=\"article\" \/>\n<meta property=\"og:title\" content=\"Datos personales - Fundaci\u00f3n BBVA Microfinanzas\" \/>\n<meta property=\"og:description\" content=\"\u00bfQu\u00e9 finalidad tiene esta Pol\u00edtica de Protecci\u00f3n de Datos Personales? Esta pol\u00edtica de protecci\u00f3n de datos personales (\u201cPol\u00edtica de Protecci\u00f3n de Datos Personales\u201d) tiene por objeto dar a conocer el modo en que obtenemos, tratamos y protegemos los datos personales que facilites o recojamos a trav\u00e9s de nuestro sitio web www.actos.fundacionmicrofinanzasbbva.org (el \u201cSitio Web\u201d) por [&hellip;]\" \/>\n<meta property=\"og:url\" content=\"https:\/\/www.fundacionmicrofinanzasbbva.org\/15-aniversario\/datos-personales\/\" \/>\n<meta property=\"og:site_name\" content=\"Fundaci\u00f3n BBVA Microfinanzas\" \/>\n<meta property=\"article:modified_time\" content=\"2023-03-01T12:48:05+00:00\" \/>\n<meta name=\"twitter:card\" content=\"summary_large_image\" \/>\n<meta name=\"twitter:label1\" content=\"Tiempo de lectura\" \/>\n\t<meta name=\"twitter:data1\" content=\"5 minutos\" \/>\n<script type=\"application\/ld+json\" class=\"yoast-schema-graph\">{\"@context\":\"https:\/\/schema.org\",\"@graph\":[{\"@type\":\"WebPage\",\"@id\":\"https:\/\/www.fundacionmicrofinanzasbbva.org\/15-aniversario\/datos-personales\/\",\"url\":\"https:\/\/www.fundacionmicrofinanzasbbva.org\/15-aniversario\/datos-personales\/\",\"name\":\"Datos personales - Fundaci\u00f3n BBVA Microfinanzas\",\"isPartOf\":{\"@id\":\"https:\/\/www.fundacionmicrofinanzasbbva.org\/15-aniversario\/#website\"},\"datePublished\":\"2023-02-20T16:15:20+00:00\",\"dateModified\":\"2023-03-01T12:48:05+00:00\",\"breadcrumb\":{\"@id\":\"https:\/\/www.fundacionmicrofinanzasbbva.org\/15-aniversario\/datos-personales\/#breadcrumb\"},\"inLanguage\":\"es\",\"potentialAction\":[{\"@type\":\"ReadAction\",\"target\":[\"https:\/\/www.fundacionmicrofinanzasbbva.org\/15-aniversario\/datos-personales\/\"]}]},{\"@type\":\"BreadcrumbList\",\"@id\":\"https:\/\/www.fundacionmicrofinanzasbbva.org\/15-aniversario\/datos-personales\/#breadcrumb\",\"itemListElement\":[{\"@type\":\"ListItem\",\"position\":1,\"name\":\"Portada\",\"item\":\"https:\/\/www.fundacionmicrofinanzasbbva.org\/15-aniversario\/\"},{\"@type\":\"ListItem\",\"position\":2,\"name\":\"Datos personales\"}]},{\"@type\":\"WebSite\",\"@id\":\"https:\/\/www.fundacionmicrofinanzasbbva.org\/15-aniversario\/#website\",\"url\":\"https:\/\/www.fundacionmicrofinanzasbbva.org\/15-aniversario\/\",\"name\":\"Fundaci\u00f3n BBVA Microfinanzas\",\"description\":\"15 Aniversario\",\"publisher\":{\"@id\":\"https:\/\/www.fundacionmicrofinanzasbbva.org\/15-aniversario\/#organization\"},\"potentialAction\":[{\"@type\":\"SearchAction\",\"target\":{\"@type\":\"EntryPoint\",\"urlTemplate\":\"https:\/\/www.fundacionmicrofinanzasbbva.org\/15-aniversario\/?s={search_term_string}\"},\"query-input\":{\"@type\":\"PropertyValueSpecification\",\"valueRequired\":true,\"valueName\":\"search_term_string\"}}],\"inLanguage\":\"es\"},{\"@type\":\"Organization\",\"@id\":\"https:\/\/www.fundacionmicrofinanzasbbva.org\/15-aniversario\/#organization\",\"name\":\"Fundaci\u00f3n BBVA Microfinanzas\",\"url\":\"https:\/\/www.fundacionmicrofinanzasbbva.org\/15-aniversario\/\",\"logo\":{\"@type\":\"ImageObject\",\"inLanguage\":\"es\",\"@id\":\"https:\/\/www.fundacionmicrofinanzasbbva.org\/15-aniversario\/#\/schema\/logo\/image\/\",\"url\":\"https:\/\/www.fundacionmicrofinanzasbbva.org\/15-aniversario\/wp-content\/uploads\/2023\/02\/logoFundacion.png\",\"contentUrl\":\"https:\/\/www.fundacionmicrofinanzasbbva.org\/15-aniversario\/wp-content\/uploads\/2023\/02\/logoFundacion.png\",\"width\":400,\"height\":75,\"caption\":\"Fundaci\u00f3n BBVA Microfinanzas\"},\"image\":{\"@id\":\"https:\/\/www.fundacionmicrofinanzasbbva.org\/15-aniversario\/#\/schema\/logo\/image\/\"}}]}<\/script>\n<!-- \/ Yoast SEO plugin. -->","yoast_head_json":{"title":"Datos personales - Fundaci\u00f3n BBVA Microfinanzas","robots":{"index":"index","follow":"follow","max-snippet":"max-snippet:-1","max-image-preview":"max-image-preview:large","max-video-preview":"max-video-preview:-1"},"canonical":"https:\/\/www.fundacionmicrofinanzasbbva.org\/15-aniversario\/datos-personales\/","og_locale":"es_ES","og_type":"article","og_title":"Datos personales - Fundaci\u00f3n BBVA Microfinanzas","og_description":"\u00bfQu\u00e9 finalidad tiene esta Pol\u00edtica de Protecci\u00f3n de Datos Personales? Esta pol\u00edtica de protecci\u00f3n de datos personales (\u201cPol\u00edtica de Protecci\u00f3n de Datos Personales\u201d) tiene por objeto dar a conocer el modo en que obtenemos, tratamos y protegemos los datos personales que facilites o recojamos a trav\u00e9s de nuestro sitio web www.actos.fundacionmicrofinanzasbbva.org (el \u201cSitio Web\u201d) por [&hellip;]","og_url":"https:\/\/www.fundacionmicrofinanzasbbva.org\/15-aniversario\/datos-personales\/","og_site_name":"Fundaci\u00f3n BBVA Microfinanzas","article_modified_time":"2023-03-01T12:48:05+00:00","twitter_card":"summary_large_image","twitter_misc":{"Tiempo de lectura":"5 minutos"},"schema":{"@context":"https:\/\/schema.org","@graph":[{"@type":"WebPage","@id":"https:\/\/www.fundacionmicrofinanzasbbva.org\/15-aniversario\/datos-personales\/","url":"https:\/\/www.fundacionmicrofinanzasbbva.org\/15-aniversario\/datos-personales\/","name":"Datos personales - Fundaci\u00f3n BBVA Microfinanzas","isPartOf":{"@id":"https:\/\/www.fundacionmicrofinanzasbbva.org\/15-aniversario\/#website"},"datePublished":"2023-02-20T16:15:20+00:00","dateModified":"2023-03-01T12:48:05+00:00","breadcrumb":{"@id":"https:\/\/www.fundacionmicrofinanzasbbva.org\/15-aniversario\/datos-personales\/#breadcrumb"},"inLanguage":"es","potentialAction":[{"@type":"ReadAction","target":["https:\/\/www.fundacionmicrofinanzasbbva.org\/15-aniversario\/datos-personales\/"]}]},{"@type":"BreadcrumbList","@id":"https:\/\/www.fundacionmicrofinanzasbbva.org\/15-aniversario\/datos-personales\/#breadcrumb","itemListElement":[{"@type":"ListItem","position":1,"name":"Portada","item":"https:\/\/www.fundacionmicrofinanzasbbva.org\/15-aniversario\/"},{"@type":"ListItem","position":2,"name":"Datos personales"}]},{"@type":"WebSite","@id":"https:\/\/www.fundacionmicrofinanzasbbva.org\/15-aniversario\/#website","url":"https:\/\/www.fundacionmicrofinanzasbbva.org\/15-aniversario\/","name":"Fundaci\u00f3n BBVA Microfinanzas","description":"15 Aniversario","publisher":{"@id":"https:\/\/www.fundacionmicrofinanzasbbva.org\/15-aniversario\/#organization"},"potentialAction":[{"@type":"SearchAction","target":{"@type":"EntryPoint","urlTemplate":"https:\/\/www.fundacionmicrofinanzasbbva.org\/15-aniversario\/?s={search_term_string}"},"query-input":{"@type":"PropertyValueSpecification","valueRequired":true,"valueName":"search_term_string"}}],"inLanguage":"es"},{"@type":"Organization","@id":"https:\/\/www.fundacionmicrofinanzasbbva.org\/15-aniversario\/#organization","name":"Fundaci\u00f3n BBVA Microfinanzas","url":"https:\/\/www.fundacionmicrofinanzasbbva.org\/15-aniversario\/","logo":{"@type":"ImageObject","inLanguage":"es","@id":"https:\/\/www.fundacionmicrofinanzasbbva.org\/15-aniversario\/#\/schema\/logo\/image\/","url":"https:\/\/www.fundacionmicrofinanzasbbva.org\/15-aniversario\/wp-content\/uploads\/2023\/02\/logoFundacion.png","contentUrl":"https:\/\/www.fundacionmicrofinanzasbbva.org\/15-aniversario\/wp-content\/uploads\/2023\/02\/logoFundacion.png","width":400,"height":75,"caption":"Fundaci\u00f3n BBVA Microfinanzas"},"image":{"@id":"https:\/\/www.fundacionmicrofinanzasbbva.org\/15-aniversario\/#\/schema\/logo\/image\/"}}]}},"_links":{"self":[{"href":"https:\/\/www.fundacionmicrofinanzasbbva.org\/15-aniversario\/wp-json\/wp\/v2\/pages\/569","targetHints":{"allow":["GET"]}}],"collection":[{"href":"https:\/\/www.fundacionmicrofinanzasbbva.org\/15-aniversario\/wp-json\/wp\/v2\/pages"}],"about":[{"href":"https:\/\/www.fundacionmicrofinanzasbbva.org\/15-aniversario\/wp-json\/wp\/v2\/types\/page"}],"author":[{"embeddable":true,"href":"https:\/\/www.fundacionmicrofinanzasbbva.org\/15-aniversario\/wp-json\/wp\/v2\/users\/1"}],"replies":[{"embeddable":true,"href":"https:\/\/www.fundacionmicrofinanzasbbva.org\/15-aniversario\/wp-json\/wp\/v2\/comments?post=569"}],"version-history":[{"count":0,"href":"https:\/\/www.fundacionmicrofinanzasbbva.org\/15-aniversario\/wp-json\/wp\/v2\/pages\/569\/revisions"}],"wp:attachment":[{"href":"https:\/\/www.fundacionmicrofinanzasbbva.org\/15-aniversario\/wp-json\/wp\/v2\/media?parent=569"}],"curies":[{"name":"wp","href":"https:\/\/api.w.org\/{rel}","templated":true}]}}