{"id":554,"date":"2023-02-20T17:11:09","date_gmt":"2023-02-20T16:11:09","guid":{"rendered":"https:\/\/www.fundacionmicrofinanzasbbva.org\/15-aniversario\/?page_id=554"},"modified":"2023-03-01T13:48:29","modified_gmt":"2023-03-01T12:48:29","slug":"politica-de-cookies","status":"publish","type":"page","link":"https:\/\/www.fundacionmicrofinanzasbbva.org\/15-aniversario\/politica-de-cookies\/","title":{"rendered":"Pol\u00edtica de cookies"},"content":{"rendered":"\t\t<div data-elementor-type=\"wp-page\" data-elementor-id=\"554\" class=\"elementor elementor-554\">\n\t\t\t\t\t\t<section class=\"elementor-section elementor-top-section elementor-element elementor-element-4b7d5bd elementor-section-boxed elementor-section-height-default elementor-section-height-default\" data-id=\"4b7d5bd\" data-element_type=\"section\">\n\t\t\t\t\t\t<div class=\"elementor-container elementor-column-gap-default\">\n\t\t\t\t\t<div class=\"aux-parallax-section elementor-column elementor-col-100 elementor-top-column elementor-element elementor-element-f4800cb\" data-id=\"f4800cb\" data-element_type=\"column\">\n\t\t\t<div class=\"elementor-widget-wrap elementor-element-populated\">\n\t\t\t\t\t\t<div class=\"elementor-element elementor-element-1c12b03 elementor-widget elementor-widget-text-editor\" data-id=\"1c12b03\" data-element_type=\"widget\" data-widget_type=\"text-editor.default\">\n\t\t\t\t<div class=\"elementor-widget-container\">\n\t\t\t\t\t\t\t\t\t<p>Al igual que otros sitios web, www.actos.fundacionmicrofinanzasbbva.org utiliza una tecnolog\u00eda denominada \u201ccookies\u201d para recabar informaci\u00f3n acerca del uso del sitio web.<\/p><h5 class=\"bold\">\u00bfQu\u00e9 son las cookies?<\/h5><p>Cualquier tipo de dispositivo de almacenamiento y recuperaci\u00f3n de datos que se utiliza en el equipo terminal (por ejemplo, un ordenador, un tel\u00e9fono m\u00f3vil o una tablet) de un usuario con la finalidad de almacenar informaci\u00f3n y recuperar informaci\u00f3n ya almacenada.<\/p><p>El t\u00e9rmino aqu\u00ed referido como cookies debe entenderse en el sentido amplio, incluidas otras tecnolog\u00edas similares tales como local shared objects or flash cookies, web beacons, bugs, etc. as\u00ed como el empleo de t\u00e9cnicas de fingerprinting, es decir a las t\u00e9cnicas de toma de la huella digital del dispositivo.<\/p><h5 class=\"bold\">\u00bfPara qu\u00e9 se utilizan las cookies en este sitio web?<\/h5><p>Utilizamos cookies propias y de terceros para finalidades muy diversas, como por ejemplo reconocerte como usuario, obtener informaci\u00f3n sobre tus h\u00e1bitos de navegaci\u00f3n o hacer mediciones y estad\u00edsticas de uso.<\/p><p>Las finalidades concretas de cada una de las cookies podr\u00e1s verlas en el listado de cookies al acceder al Panel de Configuraci\u00f3n.<\/p><h5 class=\"bold\">\u00bfQu\u00e9 tipos de cookies utiliza este sitio web?<\/h5><p>En funci\u00f3n de su duraci\u00f3n las cookies pueden ser:<\/p><ul><li><strong>De sesi\u00f3n<\/strong>: son aquellas dise\u00f1adas para recabar y almacenar datos mientras el usuario accede a una p\u00e1gina web. Estas cookies no quedan almacenadas en el ordenador del usuario cuando caduca la sesi\u00f3n o este cierra el navegador.<\/li><li><strong>Persistentes<\/strong>: son aquellas en las que los datos siguen almacenados en el ordenador del usuario y pueden ser accedidos y tratados cuando el usuario abandona la p\u00e1gina web y cuando se vuelva a conectar a ella. Estas cookies pueden ser borradas en cualquier momento por el usuario.<\/li><\/ul><p>En funci\u00f3n de la entidad que las gestione:<\/p><ul><li><strong>Cookies propias<\/strong>: son aquellas que se env\u00edan al equipo terminal del usuario desde un equipo o dominio gestionado por el titular de la p\u00e1gina web y desde la que se presta el servicio solicitado por el usuario.<\/li><li><strong>Cookies de terceros<\/strong>: son aquellas que se env\u00edan al equipo terminal del usuario desde un equipo o dominio que no es gestionado por el editor, sino por otra entidad que trata los datos obtenidos trav\u00e9s de las cookies. En el caso de que las cookies sean servidas desde un equipo o dominio gestionado por el propio editor, pero la informaci\u00f3n que se recoja mediante estas sea gestionada por un tercero, no pueden ser consideradas como cookies propias, si el tercero las utiliza para sus propias finalidades como la mejora de los servicios que presta o para la prestaci\u00f3n de servicios, por ejemplo, de car\u00e1cter publicitario, a favor de otras entidades.<\/li><\/ul><p>En funci\u00f3n de la finalidad perseguida:<\/p><ul><li>Este sitio web recoge informaci\u00f3n del usuario mediante la instalaci\u00f3n de las siguientes cookies en el disco duro del visitante.<\/li><\/ul><h5 class=\"bold\">Cookies de An\u00e1lisis o Medici\u00f3n<\/h5><p>Estas cookies nos permiten contar las visitas y fuentes de circulaci\u00f3n para poder medir y mejorar el desempe\u00f1o de nuestro sitio. Nos ayudan a saber qu\u00e9 p\u00e1ginas son las m\u00e1s o menos populares, y ver cu\u00e1ntas personas visitan el sitio. Toda la informaci\u00f3n que recogen estas cookies es agregada y, por lo tanto, an\u00f3nima. Si no permite estas cookies no sabremos cu\u00e1ndo visit\u00f3 nuestro sitio, y por lo tanto no podremos saber cu\u00e1ndo lo visit\u00f3.<\/p><h5 class=\"bold\">Cookies de preferencias o personalizaci\u00f3n<\/h5><p>Estas cookies permiten que el sitio ofrezca una mejor funcionalidad y personalizaci\u00f3n. Pueden ser establecidas por nosotros o por terceras partes cuyos servicios hemos agregado a nuestras p\u00e1ginas. Si no permite estas cookies algunos de nuestros servicios no funcionar\u00e1n correctamente.<\/p><h5 class=\"bold\">Cookies T\u00e9cnicas<\/h5><p>Estas cookies son necesarias para que el sitio web funcione y no se pueden desactivar en nuestros sistemas. Usualmente est\u00e1n configuradas para responder a acciones hechas por usted para recibir servicios, tales como ajustar sus preferencias de privacidad, iniciar sesi\u00f3n en el sitio, o llenar formularios. Usted puede configurar su navegador para bloquear o alertar la presencia de estas cookies, pero algunas partes del sitio web no funcionar\u00e1n. Estas cookies no guardan ninguna informaci\u00f3n personal identificable.<\/p><div class=\"boxTable\"><table class=\"mb-5 tablaCookies\" width=\"100%\" cellspacing=\"0\" cellpadding=\"0\"><thead><tr><td class=\"text-center bg-dark text-white\" colspan=\"9\">COOKIES T\u00c9CNICAS<\/td><\/tr><\/thead><tbody><tr class=\"cabeceraCookies\"><td class=\"bg-light\">Cookie Name<\/td><td class=\"bg-light\">Description<\/td><td class=\"bg-light\">Expiry Duration<\/td><td class=\"bg-light\">Expiry Unit<\/td><td class=\"bg-light\">Secure<\/td><td class=\"bg-light\">Http Only<\/td><td class=\"bg-light\">Session<\/td><td class=\"bg-light\">Login<\/td><td class=\"bg-light\">FALSE<\/td><\/tr><tr><td>bm_sv<\/td><td>This cookie is associated with Akamai and is used to differentiate between traffic from humans and bots.<\/td><td>0<\/td><td>Days<\/td><td>TRUE<\/td><td>FALSE<\/td><td>FALSE<\/td><td>FALSE<\/td><td>FALSE<\/td><\/tr><tr><td>ak_bmsc<\/td><td>This cookie is associated with Akamai and is used to differentiate between traffic from humans and bots.<\/td><td>0<\/td><td>Days<\/td><td>TRUE<\/td><td>TRUE<\/td><td>FALSE<\/td><td>FALSE<\/td><td>FALSE<\/td><\/tr><tr><td>OptanonAlertBoxClosed<\/td><td>This cookie is set by websites using certain versions of the cookie law compliance solution from OneTrust. It is set after visitors have seen a cookie information notice and in some cases only when they actively close the notice down. It enables the website not to show the message more than once to a user. The cookie has a one year lifespan and contains no personal information.<\/td><td>364<\/td><td>Days<\/td><td>FALSE<\/td><td>FALSE<\/td><td>FALSE<\/td><td>FALSE<\/td><td>FALSE<\/td><\/tr><tr><td>OptanonConsent<\/td><td>This cookie is set by the cookie compliance solution from OneTrust. It stores information about the categories of cookies the site uses and whether visitors have given or withdrawn consent for the use of each category. This enables site owners to prevent cookies in each category from being set in the users browser, when consent is not given. The cookie has a normal lifespan of one year, so that returning visitors to the site will have their preferences remembered. It contains no information that can identify the site visitor.<\/td><td>364<\/td><td>Days<\/td><td>FALSE<\/td><td>FALSE<\/td><td>FALSE<\/td><td>FALSE<\/td><td>FALSE<\/td><\/tr><\/tbody><\/table><\/div><h5 class=\"bold\">Cookies de publicidad comportamental<\/h5><p>Estas cookies pueden estar en todo el sitio web, colocadas por nuestros socios publicitarios. Estos negocios pueden utilizarlas para crear un perfil de sus intereses y mostrarle anuncios relevantes en otros sitios. No almacenan informaci\u00f3n personal directamente, sino que se basan en la identificaci\u00f3n \u00fanica de su navegador y dispositivo de acceso al Internet. Si no permite estas cookies, tendr\u00e1 menos publicidad dirigida.<\/p><div class=\"boxTable mb-5\"><table class=\"tablaCookies\" width=\"100%\" cellspacing=\"0\" cellpadding=\"0\"><thead><tr><td class=\"text-center bg-dark text-white\" colspan=\"9\">COOKIES T\u00c9CNICAS<\/td><\/tr><\/thead><tbody><tr class=\"cabeceraCookies\"><td class=\"bg-light\">Cookie Name<\/td><td class=\"bg-light\">Description<\/td><td class=\"bg-light\">Expiry Duration<\/td><td class=\"bg-light\">Expiry Unit<\/td><td class=\"bg-light\">Secure<\/td><td class=\"bg-light\">Http Only<\/td><td class=\"bg-light\">Session<\/td><td class=\"bg-light\">Login<\/td><td class=\"bg-light\">FALSE<\/td><\/tr><tr><td>CONSENT<\/td><td>YouTube is a Google owned platform for hosting and sharing videos. YouTube collects user data through videos embedded in websites, which is aggregated with profile data from other Google services in order to display targeted advertising to web visitors across a broad range of their own and other websites.<\/td><td>6175<\/td><td>Days<\/td><td>TRUE<\/td><td>TRUE<\/td><td>FALSE<\/td><td>FALSE<\/td><td>FALSE<\/td><\/tr><\/tbody><\/table><\/div><h5 class=\"bold\">Consentimiento<\/h5><p>Te informamos de que solo utilizaremos cookies en tu equipo a condici\u00f3n de que hayas dado tu consentimiento a trav\u00e9s del banner de acceso y la configuraci\u00f3n habilitada a trav\u00e9s del Panel de Configuraci\u00f3n.<\/p><p>Lo anterior, salvo en los supuestos en los que las cookies sean necesarias para la navegaci\u00f3n en el equipo terminal y\/o para prestar el servicio solicitado por el usuario (cookies t\u00e9cnicas). Las cookies t\u00e9cnicas est\u00e1n exceptuadas del cumplimiento de las obligaciones establecidas en el art\u00edculo 22 de la Ley 34\/2002, de 11 de julio, de Servicios de la Sociedad de la Informaci\u00f3n y de Comercio Electr\u00f3nico del deber de informaci\u00f3n y obtenci\u00f3n del consentimiento (ver definici\u00f3n de cookies t\u00e9cnicas).<\/p><p><button id=\"ot-sdk-btn\" class=\"ot-sdk-show-settings button\">Configuraci\u00f3n de cookies<\/button><\/p><h5 class=\"bold\">Retirar consentimiento<\/h5><p>Podr\u00e1s modificar o revocar tu consentimiento en cualquier momento configurando las opciones en el Panel de Configuraci\u00f3n. Tendr\u00e1s acceso al Panel de Configuraci\u00f3n de forma permanente a trav\u00e9s del enlace al inicio de la presente Pol\u00edtica de Cookies.<\/p><p>No obstante, a pesar de que conservaremos la selecci\u00f3n realizada por el usuario con un m\u00e1ximo de 24 meses, peri\u00f3dicamente solicitaremos la actualizaci\u00f3n de tu consentimiento. Asimismo, si posteriormente a haber obtenido tu consentimiento hay un cambio en las cookies, en los fines de uso de las mismas o en los terceros, solicitaremos de nuevo tu consentimiento.<\/p><p>Para aquellas cookies de terceros, ten en cuenta que los procedimientos de revocaci\u00f3n est\u00e1n gestionados y controlados exclusivamente por cada proveedor. Para eliminarlas, podr\u00e1s hacerlo desde las opciones del navegador o desde el sistema ofrecido por el propio tercero. Consulta los enlaces que te proporcionamos para ello en la tipolog\u00eda de cookies contenida en esta Pol\u00edtica.<\/p><p>En cualquier caso, el usuario podr\u00e1, en cualquier momento, permitir, bloquear o eliminar las cookies as\u00ed como borrar sus datos de navegaci\u00f3n (incluidas las cookies) desde el navegador instalado en su terminal. Consulta las opciones e instrucciones que ofrece tu navegador para ello:<\/p><ul><li><a href=\"https:\/\/support.google.com\/chrome\/answer\/95647?hl=es&amp;sc_ref_bbva=https%3A%2F%2Fwww.bbva.es%2Fsistema%2Fmeta%2Faviso-legal%2Findex.jsp\" target=\"_blank\" rel=\"noopener\">Chrome<\/a><\/li><li><a href=\"https:\/\/support.microsoft.com\/es-es\/windows\/eliminar-y-administrar-cookies-168dab11-0753-043d-7c16-ede5947fc64d\" target=\"_blank\" rel=\"noopener\">Explorer<\/a><\/li><li><a href=\"https:\/\/support.mozilla.org\/es\/kb\/Deshabilitar%20cookies%20de%20terceros\" target=\"_blank\" rel=\"noopener\">Firefox<\/a><\/li><li><a href=\"https:\/\/support.apple.com\/es-es\/guide\/safari\/sfri11471\/mac\" target=\"_blank\" rel=\"noopener\">Safari<\/a><\/li><\/ul><p>La desactivaci\u00f3n de las cookies no impide la visualizaci\u00f3n de las p\u00e1ginas de este sitio web ni interfiere en la navegaci\u00f3n.<\/p><h5 class=\"bold\">Protecci\u00f3n de datos personales<\/h5><p>Algunas cookies pueden conllevar el tratamiento de datos personales, esto es, cuando el usuario est\u00e9 identificado por un nombre o direcci\u00f3n de email que lo identifique (por ejemplo, por tratarse de un usuario registrado), a trav\u00e9s de la direcci\u00f3n IP o cuando se utilicen identificadores \u00fanicos que permitan distinguir unos usuarios de otros y realizar un seguimiento individualizado de los mismos (por ejemplo, ID de publicidad).<\/p><p>Para conocer el tratamiento de los datos personales consulta nuestra\u00a0 <a href=\"https:\/\/www.actos.fundacionmicrofinanzasbbva.org\/proteccion-de-datos.html\">Pol\u00edtica de Protecci\u00f3n de Datos Personales<\/a>.<\/p><h5 class=\"bold\">Cambios en la Pol\u00edtica de Cookies<\/h5><p>La presente Pol\u00edtica de Cookies se podr\u00e1 modificar cuando as\u00ed lo exija la legislaci\u00f3n vigente en cada momento o cuando hubiera alguna variaci\u00f3n en el tipo de cookies utilizadas.<\/p><p>\u00daltima actualizaci\u00f3n: diciembre de 2022<\/p>\t\t\t\t\t\t\t\t<\/div>\n\t\t\t\t<\/div>\n\t\t\t\t\t<\/div>\n\t\t<\/div>\n\t\t\t\t\t<\/div>\n\t\t<\/section>\n\t\t\t\t<\/div>\n\t\t","protected":false},"excerpt":{"rendered":"<p>Al igual que otros sitios web, www.actos.fundacionmicrofinanzasbbva.org utiliza una tecnolog\u00eda denominada \u201ccookies\u201d para recabar informaci\u00f3n acerca del uso del sitio web. \u00bfQu\u00e9 son las cookies? Cualquier tipo de dispositivo de almacenamiento y recuperaci\u00f3n de datos que se utiliza en el equipo terminal (por ejemplo, un ordenador, un tel\u00e9fono m\u00f3vil o una tablet) de un usuario [&hellip;]<\/p>\n","protected":false},"author":1,"featured_media":0,"parent":0,"menu_order":0,"comment_status":"closed","ping_status":"closed","template":"","meta":{"footnotes":""},"class_list":["post-554","page","type-page","status-publish","hentry"],"yoast_head":"<!-- This site is optimized with the Yoast SEO plugin v26.8 - https:\/\/yoast.com\/product\/yoast-seo-wordpress\/ -->\n<title>Pol\u00edtica de cookies - Fundaci\u00f3n BBVA Microfinanzas<\/title>\n<meta name=\"robots\" content=\"index, follow, max-snippet:-1, max-image-preview:large, max-video-preview:-1\" \/>\n<link rel=\"canonical\" href=\"https:\/\/www.fundacionmicrofinanzasbbva.org\/15-aniversario\/politica-de-cookies\/\" \/>\n<meta property=\"og:locale\" content=\"es_ES\" \/>\n<meta property=\"og:type\" content=\"article\" \/>\n<meta property=\"og:title\" content=\"Pol\u00edtica de cookies - Fundaci\u00f3n BBVA Microfinanzas\" \/>\n<meta property=\"og:description\" content=\"Al igual que otros sitios web, www.actos.fundacionmicrofinanzasbbva.org utiliza una tecnolog\u00eda denominada \u201ccookies\u201d para recabar informaci\u00f3n acerca del uso del sitio web. \u00bfQu\u00e9 son las cookies? Cualquier tipo de dispositivo de almacenamiento y recuperaci\u00f3n de datos que se utiliza en el equipo terminal (por ejemplo, un ordenador, un tel\u00e9fono m\u00f3vil o una tablet) de un usuario [&hellip;]\" \/>\n<meta property=\"og:url\" content=\"https:\/\/www.fundacionmicrofinanzasbbva.org\/15-aniversario\/politica-de-cookies\/\" \/>\n<meta property=\"og:site_name\" content=\"Fundaci\u00f3n BBVA Microfinanzas\" \/>\n<meta property=\"article:modified_time\" content=\"2023-03-01T12:48:29+00:00\" \/>\n<meta name=\"twitter:card\" content=\"summary_large_image\" \/>\n<meta name=\"twitter:label1\" content=\"Tiempo de lectura\" \/>\n\t<meta name=\"twitter:data1\" content=\"8 minutos\" \/>\n<script type=\"application\/ld+json\" class=\"yoast-schema-graph\">{\"@context\":\"https:\/\/schema.org\",\"@graph\":[{\"@type\":\"WebPage\",\"@id\":\"https:\/\/www.fundacionmicrofinanzasbbva.org\/15-aniversario\/politica-de-cookies\/\",\"url\":\"https:\/\/www.fundacionmicrofinanzasbbva.org\/15-aniversario\/politica-de-cookies\/\",\"name\":\"Pol\u00edtica de cookies - Fundaci\u00f3n BBVA Microfinanzas\",\"isPartOf\":{\"@id\":\"https:\/\/www.fundacionmicrofinanzasbbva.org\/15-aniversario\/#website\"},\"datePublished\":\"2023-02-20T16:11:09+00:00\",\"dateModified\":\"2023-03-01T12:48:29+00:00\",\"breadcrumb\":{\"@id\":\"https:\/\/www.fundacionmicrofinanzasbbva.org\/15-aniversario\/politica-de-cookies\/#breadcrumb\"},\"inLanguage\":\"es\",\"potentialAction\":[{\"@type\":\"ReadAction\",\"target\":[\"https:\/\/www.fundacionmicrofinanzasbbva.org\/15-aniversario\/politica-de-cookies\/\"]}]},{\"@type\":\"BreadcrumbList\",\"@id\":\"https:\/\/www.fundacionmicrofinanzasbbva.org\/15-aniversario\/politica-de-cookies\/#breadcrumb\",\"itemListElement\":[{\"@type\":\"ListItem\",\"position\":1,\"name\":\"Portada\",\"item\":\"https:\/\/www.fundacionmicrofinanzasbbva.org\/15-aniversario\/\"},{\"@type\":\"ListItem\",\"position\":2,\"name\":\"Pol\u00edtica de cookies\"}]},{\"@type\":\"WebSite\",\"@id\":\"https:\/\/www.fundacionmicrofinanzasbbva.org\/15-aniversario\/#website\",\"url\":\"https:\/\/www.fundacionmicrofinanzasbbva.org\/15-aniversario\/\",\"name\":\"Fundaci\u00f3n BBVA Microfinanzas\",\"description\":\"15 Aniversario\",\"publisher\":{\"@id\":\"https:\/\/www.fundacionmicrofinanzasbbva.org\/15-aniversario\/#organization\"},\"potentialAction\":[{\"@type\":\"SearchAction\",\"target\":{\"@type\":\"EntryPoint\",\"urlTemplate\":\"https:\/\/www.fundacionmicrofinanzasbbva.org\/15-aniversario\/?s={search_term_string}\"},\"query-input\":{\"@type\":\"PropertyValueSpecification\",\"valueRequired\":true,\"valueName\":\"search_term_string\"}}],\"inLanguage\":\"es\"},{\"@type\":\"Organization\",\"@id\":\"https:\/\/www.fundacionmicrofinanzasbbva.org\/15-aniversario\/#organization\",\"name\":\"Fundaci\u00f3n BBVA Microfinanzas\",\"url\":\"https:\/\/www.fundacionmicrofinanzasbbva.org\/15-aniversario\/\",\"logo\":{\"@type\":\"ImageObject\",\"inLanguage\":\"es\",\"@id\":\"https:\/\/www.fundacionmicrofinanzasbbva.org\/15-aniversario\/#\/schema\/logo\/image\/\",\"url\":\"https:\/\/www.fundacionmicrofinanzasbbva.org\/15-aniversario\/wp-content\/uploads\/2023\/02\/logoFundacion.png\",\"contentUrl\":\"https:\/\/www.fundacionmicrofinanzasbbva.org\/15-aniversario\/wp-content\/uploads\/2023\/02\/logoFundacion.png\",\"width\":400,\"height\":75,\"caption\":\"Fundaci\u00f3n BBVA Microfinanzas\"},\"image\":{\"@id\":\"https:\/\/www.fundacionmicrofinanzasbbva.org\/15-aniversario\/#\/schema\/logo\/image\/\"}}]}<\/script>\n<!-- \/ Yoast SEO plugin. -->","yoast_head_json":{"title":"Pol\u00edtica de cookies - Fundaci\u00f3n BBVA Microfinanzas","robots":{"index":"index","follow":"follow","max-snippet":"max-snippet:-1","max-image-preview":"max-image-preview:large","max-video-preview":"max-video-preview:-1"},"canonical":"https:\/\/www.fundacionmicrofinanzasbbva.org\/15-aniversario\/politica-de-cookies\/","og_locale":"es_ES","og_type":"article","og_title":"Pol\u00edtica de cookies - Fundaci\u00f3n BBVA Microfinanzas","og_description":"Al igual que otros sitios web, www.actos.fundacionmicrofinanzasbbva.org utiliza una tecnolog\u00eda denominada \u201ccookies\u201d para recabar informaci\u00f3n acerca del uso del sitio web. \u00bfQu\u00e9 son las cookies? Cualquier tipo de dispositivo de almacenamiento y recuperaci\u00f3n de datos que se utiliza en el equipo terminal (por ejemplo, un ordenador, un tel\u00e9fono m\u00f3vil o una tablet) de un usuario [&hellip;]","og_url":"https:\/\/www.fundacionmicrofinanzasbbva.org\/15-aniversario\/politica-de-cookies\/","og_site_name":"Fundaci\u00f3n BBVA Microfinanzas","article_modified_time":"2023-03-01T12:48:29+00:00","twitter_card":"summary_large_image","twitter_misc":{"Tiempo de lectura":"8 minutos"},"schema":{"@context":"https:\/\/schema.org","@graph":[{"@type":"WebPage","@id":"https:\/\/www.fundacionmicrofinanzasbbva.org\/15-aniversario\/politica-de-cookies\/","url":"https:\/\/www.fundacionmicrofinanzasbbva.org\/15-aniversario\/politica-de-cookies\/","name":"Pol\u00edtica de cookies - Fundaci\u00f3n BBVA Microfinanzas","isPartOf":{"@id":"https:\/\/www.fundacionmicrofinanzasbbva.org\/15-aniversario\/#website"},"datePublished":"2023-02-20T16:11:09+00:00","dateModified":"2023-03-01T12:48:29+00:00","breadcrumb":{"@id":"https:\/\/www.fundacionmicrofinanzasbbva.org\/15-aniversario\/politica-de-cookies\/#breadcrumb"},"inLanguage":"es","potentialAction":[{"@type":"ReadAction","target":["https:\/\/www.fundacionmicrofinanzasbbva.org\/15-aniversario\/politica-de-cookies\/"]}]},{"@type":"BreadcrumbList","@id":"https:\/\/www.fundacionmicrofinanzasbbva.org\/15-aniversario\/politica-de-cookies\/#breadcrumb","itemListElement":[{"@type":"ListItem","position":1,"name":"Portada","item":"https:\/\/www.fundacionmicrofinanzasbbva.org\/15-aniversario\/"},{"@type":"ListItem","position":2,"name":"Pol\u00edtica de cookies"}]},{"@type":"WebSite","@id":"https:\/\/www.fundacionmicrofinanzasbbva.org\/15-aniversario\/#website","url":"https:\/\/www.fundacionmicrofinanzasbbva.org\/15-aniversario\/","name":"Fundaci\u00f3n BBVA Microfinanzas","description":"15 Aniversario","publisher":{"@id":"https:\/\/www.fundacionmicrofinanzasbbva.org\/15-aniversario\/#organization"},"potentialAction":[{"@type":"SearchAction","target":{"@type":"EntryPoint","urlTemplate":"https:\/\/www.fundacionmicrofinanzasbbva.org\/15-aniversario\/?s={search_term_string}"},"query-input":{"@type":"PropertyValueSpecification","valueRequired":true,"valueName":"search_term_string"}}],"inLanguage":"es"},{"@type":"Organization","@id":"https:\/\/www.fundacionmicrofinanzasbbva.org\/15-aniversario\/#organization","name":"Fundaci\u00f3n BBVA Microfinanzas","url":"https:\/\/www.fundacionmicrofinanzasbbva.org\/15-aniversario\/","logo":{"@type":"ImageObject","inLanguage":"es","@id":"https:\/\/www.fundacionmicrofinanzasbbva.org\/15-aniversario\/#\/schema\/logo\/image\/","url":"https:\/\/www.fundacionmicrofinanzasbbva.org\/15-aniversario\/wp-content\/uploads\/2023\/02\/logoFundacion.png","contentUrl":"https:\/\/www.fundacionmicrofinanzasbbva.org\/15-aniversario\/wp-content\/uploads\/2023\/02\/logoFundacion.png","width":400,"height":75,"caption":"Fundaci\u00f3n BBVA Microfinanzas"},"image":{"@id":"https:\/\/www.fundacionmicrofinanzasbbva.org\/15-aniversario\/#\/schema\/logo\/image\/"}}]}},"_links":{"self":[{"href":"https:\/\/www.fundacionmicrofinanzasbbva.org\/15-aniversario\/wp-json\/wp\/v2\/pages\/554","targetHints":{"allow":["GET"]}}],"collection":[{"href":"https:\/\/www.fundacionmicrofinanzasbbva.org\/15-aniversario\/wp-json\/wp\/v2\/pages"}],"about":[{"href":"https:\/\/www.fundacionmicrofinanzasbbva.org\/15-aniversario\/wp-json\/wp\/v2\/types\/page"}],"author":[{"embeddable":true,"href":"https:\/\/www.fundacionmicrofinanzasbbva.org\/15-aniversario\/wp-json\/wp\/v2\/users\/1"}],"replies":[{"embeddable":true,"href":"https:\/\/www.fundacionmicrofinanzasbbva.org\/15-aniversario\/wp-json\/wp\/v2\/comments?post=554"}],"version-history":[{"count":0,"href":"https:\/\/www.fundacionmicrofinanzasbbva.org\/15-aniversario\/wp-json\/wp\/v2\/pages\/554\/revisions"}],"wp:attachment":[{"href":"https:\/\/www.fundacionmicrofinanzasbbva.org\/15-aniversario\/wp-json\/wp\/v2\/media?parent=554"}],"curies":[{"name":"wp","href":"https:\/\/api.w.org\/{rel}","templated":true}]}}